{"id":3501,"date":"2019-12-05T15:34:39","date_gmt":"2019-12-05T14:34:39","guid":{"rendered":"https:\/\/coversmart.a1professionals.net\/?post_type=product&#038;p=3501"},"modified":"2025-08-06T16:45:21","modified_gmt":"2025-08-06T14:45:21","slug":"iphone-11-rugged-huelle-cover","status":"publish","type":"product","link":"https:\/\/coversmart.a1professionals.net\/en\/product-2\/iphone-11-rugged-huelle-cover\/","title":{"rendered":"iPhone 11 Rugged H\u00fclle Cover"},"content":{"rendered":"<p>* Garantie: Wir bieten allen unseren Kunden ein 30-t\u00e4giges R\u00fcckgaberecht. R\u00fccksendegeb\u00fchren gehen zu Lasten des K\u00e4ufers und m\u00fcssen unbesch\u00e4digt, verpackt und im Originalzustand zur\u00fcckgesandt werden<\/p>\n<p>* Wenn Sie mehrere Artikel kaufen, bezahlen Sie nur einmal das Porto, dies wird anhand des Gesamtgewichts und der Abmessungen berechnet. Dieses Angebot gilt nur f\u00fcr die Transaktionen, die am gleichen Tag get\u00e4tigt sind.<\/p>\n<p>* Das Porto enth\u00e4lt Lieferkosten,Verpackung, Lagerung und Vertrieb, Entsorgung, Kurierkosten f\u00fcr die Lieferung.<\/p>\n<p>* Damit wir Ihnen weiterhin qualitativ gute Produkte zu einem g\u00fcnstigen Preis anbieten k\u00f6nnen, sind wir auf Ihre positive Bewertung angewiesen. Bei Probleme mit dem gelieferten Artikel d\u00fcrfen Sie sich jeder Zeit per Email melden, damit wir das Problem baldm\u00f6glichst l\u00f6sen k\u00f6nnen.<\/p>\n<p>* Es kann sein, dass die Artikelbilder zu einem anderen Smartphone \/ Tablett geh\u00f6ren. Sie werden den abgebildeten Artikel mit n\u00f6tigen Aussparungen f\u00fcr das im Titel beschriebene Smartphone \/ Tablett erhalten.<\/p>\n<p>* Wenn der Kunde das Stornieren eines Kaufs verlangt, muss er die Bearbeitungsgeb\u00fchren \u00fcbernehmen. (1 Fr. Pro Transaktion)<\/p>\n<p>* Wir \u00fcbernehmen keine Haftung f\u00fcr Sch\u00e4den, die durch den Gebrauch eines gekauften Artikels entstehen.<\/p>\n<p>* 100% der angebotenen Artikel befinden sich bei uns am Lager und werden am gleichen Tag geliefert, wenn das Geld auf dem Konto ist. Bitte melden Sie sich, wenn Sie Ihre Ware innerhalb von 5 Arbeitstage nicht erhalten.<\/p>\n<p>* Das Abholen ist nicht m\u00f6glich.<\/p>\n<p>* Bei Einzahlungen am Postschalter mit dem Einzahlungschein dem Endbetrag (Warenwert + Porto) 2.- CHF Postspesen dazurechnen.<\/p>\n<p>* Die Ware wird erst geschickt, wenn der Endbetrag (Warenwert + Porto + evtl. Geb\u00fchren z.B Einzahlungsscheingeb\u00fchr) auf dem Konto ersichtlich wird.<\/p>\n<p>* Bei Fragen, Problemen, Unklarheiten sind wir gerne per E-Mail erreichbar. Sie bekommen eine Antwort innerhalb von 24 Std.<\/p>\n<p>Mit Ihrem Kauf \/ Angebot akzeptieren Sie die oben aufgef\u00fchrte AGB.<\/p>\n<p>\"Sent by A Mail + tracking\"<\/p>\n<p>[ux_banner height=\"200px\"]<\/p>\n<p>[text_box position_x=\"50\" position_y=\"50\"]<\/p>\n<h3 class=\"uppercase\">Fast Shipping Across Switzerland<\/h3>\n<p><a class=\"cta-button\" href=\"#\">Shop Now<\/a><\/p>\n<p>[\/text_box]<\/p>\n<p>[\/ux_banner]<\/p>\n<p>&nbsp;<\/p>","protected":false},"excerpt":{"rendered":"<ul>\n<li>iPhone 11 Hybrid Shockproof H\u00fclle Cover<\/li>\n<li>Schutz vor N\u00e4sse + Staub + Schmutz<\/li>\n<li>Shock absorbing<\/li>\n<li>Alle Ports + Tasten bleiben bedienbar<\/li>\n<li>Strapazierf\u00e4higes Material (TPU\/PCGummi)<\/li>\n<li>Non-slip side panels for the best feel<\/li>\n<\/ul>\n<p>Mit unserer erstklassigen H\u00fclle sch\u00fctzt Du die gesamte R\u00fcckseite und Kanten Deines iPhone vor Kratzern, Schmutz, Dreck und anderen Besch\u00e4digungen durch den Alltag.<\/p>\n<p>Die verst\u00e4rkte Oberfl\u00e4che an den Seiten verleiht Deinem iPhone einen besseren Halt und liegt dadurch besonders gut in der Hand. Alle Bedienelemente, die Tasten und die Kamera sind frei zug\u00e4nglich und k\u00f6nnen nach wie vor vollumf\u00e4nglich benutzt werden.<\/p>\n<p>Color: Black \/ Transparent<br \/>\nMaterial: TPU \/ Silicone \/ PC<\/p>","protected":false},"featured_media":3502,"template":"","meta":[],"product_brand":[],"product_cat":[33,20,17,16],"product_tag":[],"class_list":{"0":"post-3501","1":"product","2":"type-product","3":"status-publish","4":"has-post-thumbnail","6":"product_cat-andere-hersteller","7":"product_cat-iphone-11","8":"product_cat-iphone","9":"product_cat-apple-phone-cases-covers","11":"first","12":"instock","13":"taxable","14":"shipping-taxable","15":"purchasable","16":"product-type-simple"},"_links":{"self":[{"href":"https:\/\/coversmart.a1professionals.net\/en\/wp-json\/wp\/v2\/product\/3501","targetHints":{"allow":["GET"]}}],"collection":[{"href":"https:\/\/coversmart.a1professionals.net\/en\/wp-json\/wp\/v2\/product"}],"about":[{"href":"https:\/\/coversmart.a1professionals.net\/en\/wp-json\/wp\/v2\/types\/product"}],"wp:featuredmedia":[{"embeddable":true,"href":"https:\/\/coversmart.a1professionals.net\/en\/wp-json\/wp\/v2\/media\/3502"}],"wp:attachment":[{"href":"https:\/\/coversmart.a1professionals.net\/en\/wp-json\/wp\/v2\/media?parent=3501"}],"wp:term":[{"taxonomy":"product_brand","embeddable":true,"href":"https:\/\/coversmart.a1professionals.net\/en\/wp-json\/wp\/v2\/product_brand?post=3501"},{"taxonomy":"product_cat","embeddable":true,"href":"https:\/\/coversmart.a1professionals.net\/en\/wp-json\/wp\/v2\/product_cat?post=3501"},{"taxonomy":"product_tag","embeddable":true,"href":"https:\/\/coversmart.a1professionals.net\/en\/wp-json\/wp\/v2\/product_tag?post=3501"}],"curies":[{"name":"wp","href":"https:\/\/api.w.org\/{rel}","templated":true}]}}