{"id":7089,"date":"2020-04-08T10:36:10","date_gmt":"2020-04-08T08:36:10","guid":{"rendered":"https:\/\/coversmart.a1professionals.net\/?post_type=product&#038;p=7089"},"modified":"2025-05-09T18:59:31","modified_gmt":"2025-05-09T16:59:31","slug":"samsung-note-9-panzer-glas-schutzfolie","status":"publish","type":"product","link":"https:\/\/coversmart.a1professionals.net\/en\/product-2\/samsung-note-9-panzer-glas-schutzfolie\/","title":{"rendered":"Samsung Note 9 armoured glass protective film"},"content":{"rendered":"<p><strong>Lieferung innerhalb 1-2 Tage<\/strong><\/p>\n<p>Der Premium Case Friendly Displayschutz von NuGlas ist perfekt auf Dein Sasmung mit abgerundetem Display abgestimmt, ultraklar, kratzfest und mit Anti-Fingerabdruck-Beschichtung. Die abgerundeten Kanten sorgen f\u00fcr eine ausgesprochen angenehme Handhabung, die einfache Montage ohne Blasenbildung f\u00fcr einen ebenso schnellen wie starken Schutz f\u00fcr das Samsung.<\/p>\n<p>Das Display-Schutzglas wird in einem aufw\u00e4ndigen Verfahren hergestellt, mit Industriediamanten geschliffen, gereinigt, poliert und mehrfach auf einwandfreie Qualit\u00e4t kontrolliert. Das Ergebnis ist ein extrem hartes Display-Schutzglas h\u00f6chster Qualit\u00e4t, das die neunfache H\u00e4rte handels\u00fcblichen Glases hat. Dabei ist es ausgesprochen einfach anzubringen - die Haftschicht besteht aus Silikon, das sich so mit dem Smartphone-Display verbindet, dass keine Luftblasen entstehen.<\/p>\n<p>* Garantie: Wir bieten allen unseren Kunden ein 30-t\u00e4giges R\u00fcckgaberecht. R\u00fccksendegeb\u00fchren gehen zu Lasten des K\u00e4ufers und m\u00fcssen unbesch\u00e4digt, verpackt und im Originalzustand zur\u00fcckgesandt werden.<\/p>\n<p>* Wenn Sie mehrere Artikel kaufen, bezahlen Sie nur einmal das Porto, dies wird anhand des Gesamtgewichts und der Abmessungen berechnet. Dieses Angebot gilt nur f\u00fcr die Transaktionen, die am gleichen Tag get\u00e4tigt sind.<\/p>\n<p>* Das Porto enth\u00e4lt Lieferkosten,Verpackung, Lagerung und Vertrieb, Entsorgung, Kurierkosten f\u00fcr die Lieferung.<\/p>\n<p>* Damit wir Ihnen weiterhin qualitativ gute Produkte zu einem g\u00fcnstigen Preis anbieten k\u00f6nnen, sind wir auf Ihre positive Bewertung angewiesen. Bei Probleme mit dem gelieferten Artikel d\u00fcrfen Sie sich jeder Zeit per Email melden, damit wir das Problem baldm\u00f6glichst l\u00f6sen k\u00f6nnen.<\/p>\n<p>* Es kann sein, dass die Artikelbilder zu einem anderen Smartphone \/ Tablett geh\u00f6ren. Sie werden den abgebildeten Artikel mit n\u00f6tigen Aussparungen f\u00fcr das im Titel beschriebene Smartphone \/ Tablett erhalten.<\/p>\n<p>* Wenn der Kunde das Stornieren eines Kaufs verlangt, muss er die Bearbeitungsgeb\u00fchren \u00fcbernehmen. (1 Fr. Pro Transaktion)<\/p>\n<p>* Wir \u00fcbernehmen keine Haftung f\u00fcr Sch\u00e4den, die durch den Gebrauch eines gekauften Artikels entstehen.<\/p>\n<p>* 100% der angebotenen Artikel befinden sich bei uns am Lager und werden am gleichen Tag geliefert, wenn das Geld auf dem Konto ist. Bitte melden Sie sich, wenn Sie Ihre Ware innerhalb von 5 Arbeitstage nicht erhalten.<\/p>\n<p>* Das Abholen ist nicht m\u00f6glich.<\/p>\n<p>* Bei Einzahlungen am Postschalter mit dem Einzahlungschein dem Endbetrag (Warenwert + Porto) 2.- CHF Postspesen dazurechnen.<\/p>\n<p>* Die Ware wird erst geschickt, wenn der Endbetrag (Warenwert + Porto + evtl. Geb\u00fchren z.B Einzahlungsscheingeb\u00fchr) auf dem Konto ersichtlich wird.<\/p>\n<p>* Bei Fragen, Problemen, Unklarheiten sind wir gerne per E-Mail erreichbar. Sie bekommen eine Antwort innerhalb von 24 Std.<\/p>\n<p>Mit Ihrem Kauf \/ Angebot akzeptieren Sie die oben aufgef\u00fchrte AGB.<\/p>\n<p>\"Sent by A Mail + tracking\"<\/p>\n<p>[ux_banner height=\"200px\"]<\/p>\n<p>[text_box position_x=\"50\" position_y=\"50\"]<\/p>\n<h3 class=\"uppercase\">Fast Shipping Across Switzerland<\/h3>\n<p><a class=\"cta-button\" href=\"#\">Shop Now<\/a><\/p>\n<p>[\/text_box]<\/p>\n<p>[\/ux_banner]<\/p>","protected":false},"excerpt":{"rendered":"<ul>\n<li>Samsung Note 9 armoured glass protective film<\/li>\n<li>Hergestellt aus Japanischem Asahi Glas<\/li>\n<li>9H H\u00e4rte Glas, f\u00fcr eine lange Lebensdauer gebaut<\/li>\n<li>100% passgenaue Schutzfolien (Pr\u00e4zisionslaser-Zuschnitt)<\/li>\n<li>Schlag- und Aufprallschutz<\/li>\n<li>Beste Transparenz dank Ultra HD Qualit\u00e4t<\/li>\n<li>Kommt mit kostenlosen Wipes<\/li>\n<li>Marke: NuGlas<\/li>\n<li>Compatible mit Fingerprint Sensor<\/li>\n<li>Material: Ashai Glas<\/li>\n<\/ul>","protected":false},"featured_media":7090,"template":"","meta":[],"product_brand":[],"product_cat":[33,41,35,31],"product_tag":[],"class_list":{"0":"post-7089","1":"product","2":"type-product","3":"status-publish","4":"has-post-thumbnail","6":"product_cat-andere-hersteller","7":"product_cat-galaxy-note-9","8":"product_cat-galaxy-smartphones","9":"product_cat-samsung","11":"first","12":"instock","13":"taxable","14":"shipping-taxable","15":"purchasable","16":"product-type-simple"},"_links":{"self":[{"href":"https:\/\/coversmart.a1professionals.net\/en\/wp-json\/wp\/v2\/product\/7089","targetHints":{"allow":["GET"]}}],"collection":[{"href":"https:\/\/coversmart.a1professionals.net\/en\/wp-json\/wp\/v2\/product"}],"about":[{"href":"https:\/\/coversmart.a1professionals.net\/en\/wp-json\/wp\/v2\/types\/product"}],"wp:featuredmedia":[{"embeddable":true,"href":"https:\/\/coversmart.a1professionals.net\/en\/wp-json\/wp\/v2\/media\/7090"}],"wp:attachment":[{"href":"https:\/\/coversmart.a1professionals.net\/en\/wp-json\/wp\/v2\/media?parent=7089"}],"wp:term":[{"taxonomy":"product_brand","embeddable":true,"href":"https:\/\/coversmart.a1professionals.net\/en\/wp-json\/wp\/v2\/product_brand?post=7089"},{"taxonomy":"product_cat","embeddable":true,"href":"https:\/\/coversmart.a1professionals.net\/en\/wp-json\/wp\/v2\/product_cat?post=7089"},{"taxonomy":"product_tag","embeddable":true,"href":"https:\/\/coversmart.a1professionals.net\/en\/wp-json\/wp\/v2\/product_tag?post=7089"}],"curies":[{"name":"wp","href":"https:\/\/api.w.org\/{rel}","templated":true}]}}