{"id":7146,"date":"2020-04-08T14:19:43","date_gmt":"2020-04-08T12:19:43","guid":{"rendered":"https:\/\/coversmart.a1professionals.net\/?post_type=product&#038;p=7146"},"modified":"2025-08-06T16:45:21","modified_gmt":"2025-08-06T14:45:21","slug":"12v-3pin-cpu-gehaeuseluefter-heat-sink","status":"publish","type":"product","link":"https:\/\/coversmart.a1professionals.net\/en\/product-2\/12v-3pin-cpu-gehaeuseluefter-heat-sink\/","title":{"rendered":"12V 3Pin CPU Geh\u00e4usel\u00fcfter Heat Sink"},"content":{"rendered":"<p>Eigenschaften:<\/p>\n<p>100% nagelneu und hohe Qualit\u00e4t!<\/p>\n<p>Dieser CPU-L\u00fcfter kann Ihre wertvollen Daten sch\u00fctzen, indem er Ihre CPU k\u00fchl h\u00e4lt.<\/p>\n<p>CPU-K\u00fchlk\u00f6rperl\u00fcfter mit effizienter W\u00e4rmeableitung und geringem Ger\u00e4uschpegel.<\/p>\n<p>Zum Hinzuf\u00fcgen einer zus\u00e4tzlichen K\u00fchlung f\u00fcr Computer usw.<\/p>\n<p>Der Anschluss ist ein 3-poliger Anschluss, der \u00fcber ein 21-cm-Kabel mit Standard-Motherboard-Anschl\u00fcssen verbunden wird.<\/p>\n<p>\"Sent by A Mail + tracking\"<\/p>\n<p>[ux_banner height=\"200px\"]<\/p>\n<p>[text_box position_x=\"50\" position_y=\"50\"]<\/p>\n<h3 class=\"uppercase\">Fast Shipping Across Switzerland<\/h3>\n<p><a class=\"cta-button\" href=\"#\">Shop Now<\/a><\/p>\n<p>[\/text_box]<\/p>\n<p>[\/ux_banner]<\/p>","protected":false},"excerpt":{"rendered":"<p>Spezifikationen:<\/p>\n<p>Anschluss: 3-polig<br \/>\nNennspannung: 12V<br \/>\nNennstrom: 0,18 A \u00b1 10%<br \/>\nGeschwindigkeit: 2400 U \/ min \u00b1 10%<br \/>\nLuftstrom: 65 CFM \u00b1 10%<br \/>\nLagertyp: H\u00fclse<br \/>\nGer\u00e4uschpegel: 22,5 dBA \u00b1 10%<br \/>\nGr\u00f6\u00dfe: ca. 90 x 90 x 25 mm<br \/>\nKabell\u00e4nge: 21cm<\/p>\n<p>Farbe schwarz<br \/>\nMaterial: Kunststoff<br \/>\nNettogewicht: 66g<\/p>\n<p>Paket beinhaltet:<\/p>\n<p>1 x CPU-K\u00fchlk\u00f6rper K\u00fchlerl\u00fcfter<\/p>","protected":false},"featured_media":7147,"template":"","meta":[],"product_brand":[],"product_cat":[34,108,111],"product_tag":[],"class_list":{"0":"post-7146","1":"product","2":"type-product","3":"status-publish","4":"has-post-thumbnail","6":"product_cat-elektronik-zubehoer","7":"product_cat-pc-komponenten-und-zubehoer","8":"product_cat-sonstiges-zubehoer","10":"first","11":"instock","12":"taxable","13":"shipping-taxable","14":"purchasable","15":"product-type-simple"},"_links":{"self":[{"href":"https:\/\/coversmart.a1professionals.net\/en\/wp-json\/wp\/v2\/product\/7146","targetHints":{"allow":["GET"]}}],"collection":[{"href":"https:\/\/coversmart.a1professionals.net\/en\/wp-json\/wp\/v2\/product"}],"about":[{"href":"https:\/\/coversmart.a1professionals.net\/en\/wp-json\/wp\/v2\/types\/product"}],"wp:featuredmedia":[{"embeddable":true,"href":"https:\/\/coversmart.a1professionals.net\/en\/wp-json\/wp\/v2\/media\/7147"}],"wp:attachment":[{"href":"https:\/\/coversmart.a1professionals.net\/en\/wp-json\/wp\/v2\/media?parent=7146"}],"wp:term":[{"taxonomy":"product_brand","embeddable":true,"href":"https:\/\/coversmart.a1professionals.net\/en\/wp-json\/wp\/v2\/product_brand?post=7146"},{"taxonomy":"product_cat","embeddable":true,"href":"https:\/\/coversmart.a1professionals.net\/en\/wp-json\/wp\/v2\/product_cat?post=7146"},{"taxonomy":"product_tag","embeddable":true,"href":"https:\/\/coversmart.a1professionals.net\/en\/wp-json\/wp\/v2\/product_tag?post=7146"}],"curies":[{"name":"wp","href":"https:\/\/api.w.org\/{rel}","templated":true}]}}