{"id":7203,"date":"2020-04-08T15:15:16","date_gmt":"2020-04-08T13:15:16","guid":{"rendered":"https:\/\/coversmart.a1professionals.net\/?post_type=product&#038;p=7203"},"modified":"2025-05-09T18:59:36","modified_gmt":"2025-05-09T16:59:36","slug":"samsung-s20-plus-shockproof-huelle-cover","status":"publish","type":"product","link":"https:\/\/coversmart.a1professionals.net\/en\/product-2\/samsung-s20-plus-shockproof-huelle-cover\/","title":{"rendered":"Samsung S20 Plus Shockproof Case Cover"},"content":{"rendered":"<p>Our quality promise and services<\/p>\n<p>All purchases in our shop are covered by a 30-day returns policy, our seal of approval for quality and safety. We always endeavour to go the extra mile to satisfy your needs.<\/p>\n<p>At coversmart, our goal is to offer our customers quality products at fair prices. Not only do we strive to provide fair prices for our customers, but we also offer our customers round the clock customer service, 24 hours \/ 7 days a week. - coversmart Your partner for electronics &amp; smartphone accessories.<\/p>\n<p>\"Sent by A Mail + tracking\"<\/p>\n<p>[ux_banner height=\"200px\" class=\"ux-banner\"]<\/p>\n<p>[text_box position_x=\"50\" position_y=\"50\"]<\/p>\n<h3 class=\"uppercase\">Fast Shipping Across Switzerland<\/h3>\n<p><a class=\"cta-button\" href=\"#\">Shop Now<\/a><\/p>\n<p>[\/text_box]<\/p>\n<p>[\/ux_banner]<\/p>","protected":false},"excerpt":{"rendered":"<p>Samsung S20 Plus Shockproof Case Cover<\/p>\n<p>LIEFERUNG INNERHALB VON 1-2 TAGEN \/ KAUF AUF RECHNUNG<br \/>\nAus hochwertigen Materialien gefertigt<br \/>\nLiegt optimal in der Hand<br \/>\nExtrem sch\u00fctzend bei gleichzeitig elegantem, schlankem und leicht zu haltendem Design<br \/>\nRutschfest, fingerabdrucksicher und kratzfest, abriebfest, staubdicht und pflegeleicht<br \/>\nErh\u00f6hte Kameraecken sch\u00fctzen das Glas Ihrer Samsung-Kamera<\/p>\n<p>Der optimale Schutz f\u00fcr Dein Samsung wird schon bei der Wahl der H\u00fclle getroffen - Unser Samsung Rugged Case liegt nicht nur perfekt in der Hand, sondern ist auch ideal auf die Lautst\u00e4rketasten. Mache Dein Samsung vollkommen und kombiniere dieses passgenaue Shockproof mit Deinem Smartphone. Du kannst die Kamera, den USB-Anschluss, sowie die Tasten auch in der H\u00fclle bedienen.<\/p>\n<p>Colour: Transparent<br \/>\nModell: 51992382<br \/>\nMaterial: Silikon, TPU<\/p>","protected":false},"featured_media":6527,"template":"","meta":[],"product_brand":[],"product_cat":[33,31,117],"product_tag":[],"class_list":{"0":"post-7203","1":"product","2":"type-product","3":"status-publish","4":"has-post-thumbnail","6":"product_cat-andere-hersteller","7":"product_cat-samsung","8":"product_cat-samsung-s20","10":"first","11":"instock","12":"taxable","13":"shipping-taxable","14":"purchasable","15":"product-type-simple"},"_links":{"self":[{"href":"https:\/\/coversmart.a1professionals.net\/en\/wp-json\/wp\/v2\/product\/7203","targetHints":{"allow":["GET"]}}],"collection":[{"href":"https:\/\/coversmart.a1professionals.net\/en\/wp-json\/wp\/v2\/product"}],"about":[{"href":"https:\/\/coversmart.a1professionals.net\/en\/wp-json\/wp\/v2\/types\/product"}],"wp:featuredmedia":[{"embeddable":true,"href":"https:\/\/coversmart.a1professionals.net\/en\/wp-json\/wp\/v2\/media\/6527"}],"wp:attachment":[{"href":"https:\/\/coversmart.a1professionals.net\/en\/wp-json\/wp\/v2\/media?parent=7203"}],"wp:term":[{"taxonomy":"product_brand","embeddable":true,"href":"https:\/\/coversmart.a1professionals.net\/en\/wp-json\/wp\/v2\/product_brand?post=7203"},{"taxonomy":"product_cat","embeddable":true,"href":"https:\/\/coversmart.a1professionals.net\/en\/wp-json\/wp\/v2\/product_cat?post=7203"},{"taxonomy":"product_tag","embeddable":true,"href":"https:\/\/coversmart.a1professionals.net\/en\/wp-json\/wp\/v2\/product_tag?post=7203"}],"curies":[{"name":"wp","href":"https:\/\/api.w.org\/{rel}","templated":true}]}}