{"id":7311,"date":"2020-04-08T19:09:36","date_gmt":"2020-04-08T17:09:36","guid":{"rendered":"https:\/\/coversmart.a1professionals.net\/?post_type=product&#038;p=7311"},"modified":"2025-05-09T18:59:42","modified_gmt":"2025-05-09T16:59:42","slug":"samsung-galaxy-s20-huelle-case","status":"publish","type":"product","link":"https:\/\/coversmart.a1professionals.net\/en\/product-2\/samsung-galaxy-s20-huelle-case\/","title":{"rendered":"Samsung Galaxy S20 H\u00fclle Case"},"content":{"rendered":"<p><strong>Our quality promise and services<\/strong><\/p>\n<p>All purchases in our shop are covered by a 30-day returns policy, our seal of approval for quality and safety. We always endeavour to go the extra mile to satisfy your needs.<\/p>\n<p>At coversmart, our goal is to offer our customers quality products at fair prices. Not only do we strive to provide fair prices for our customers, but we also offer our customers round the clock customer service, 24 hours \/ 7 days a week. - coversmart Your partner for electronics &amp; smartphone accessories.<\/p>\n<p>\"Dieser Artikel wird per A + Tracking-Mail verschickt. \"<\/p>\n<p>[ux_banner height=\"200px\"]<\/p>\n<p>[text_box position_x=\"50\" position_y=\"50\"]<\/p>\n<h3 class=\"uppercase\">Fast Shipping Across Switzerland<\/h3>\n<p><a class=\"cta-button\" href=\"#\">Shop Now<\/a><\/p>\n<p>[\/text_box]<\/p>\n<p>[\/ux_banner]<\/p>","protected":false},"excerpt":{"rendered":"<h2 class=\"subtitle--1gW5X\">LIEFERUNG INNERHALB VON 1-2 TAGEN \/ KAUF AUF RECHNUNG<\/h2>\n<div class=\"userDescription--GDETe\">\n<article>\n<ul>\n<li>Samsung Galaxy S20 H\u00fclle Case Etui<\/li>\n<li>Schutz Case aus starkes und flexiblem Material<\/li>\n<li>Sch\u00fctzt die R\u00fcckseite und den Rahmen vom Galaxy<\/li>\n<li>Ausschnitte f\u00fcr Tasten, Kamera und Anschl\u00fcsse<\/li>\n<li>Griffiges Silikon, mattes und geschmeidiges Design<\/li>\n<\/ul>\n<p>Das passgenaue Design sorgt f\u00fcr maximale Zuverl\u00e4ssigkeit, sodass Dein Galaxy einen optimalen Schutz und eine sehr edle Optik geniesst. Das griffige Silikon im Inneren der Samsung Schutzh\u00fclle sch\u00fctzt die R\u00fcckseite vom Galaxy vor Kratzern und Schmutz.<\/p>\n<p>Farbe: Schwarz<br \/>\nMaterial: Silikon<\/p>\n<\/article>\n<\/div>","protected":false},"featured_media":7312,"template":"","meta":[],"product_brand":[],"product_cat":[33,31,117],"product_tag":[],"class_list":{"0":"post-7311","1":"product","2":"type-product","3":"status-publish","4":"has-post-thumbnail","6":"product_cat-andere-hersteller","7":"product_cat-samsung","8":"product_cat-samsung-s20","10":"first","11":"instock","12":"taxable","13":"shipping-taxable","14":"purchasable","15":"product-type-simple"},"_links":{"self":[{"href":"https:\/\/coversmart.a1professionals.net\/en\/wp-json\/wp\/v2\/product\/7311","targetHints":{"allow":["GET"]}}],"collection":[{"href":"https:\/\/coversmart.a1professionals.net\/en\/wp-json\/wp\/v2\/product"}],"about":[{"href":"https:\/\/coversmart.a1professionals.net\/en\/wp-json\/wp\/v2\/types\/product"}],"wp:featuredmedia":[{"embeddable":true,"href":"https:\/\/coversmart.a1professionals.net\/en\/wp-json\/wp\/v2\/media\/7312"}],"wp:attachment":[{"href":"https:\/\/coversmart.a1professionals.net\/en\/wp-json\/wp\/v2\/media?parent=7311"}],"wp:term":[{"taxonomy":"product_brand","embeddable":true,"href":"https:\/\/coversmart.a1professionals.net\/en\/wp-json\/wp\/v2\/product_brand?post=7311"},{"taxonomy":"product_cat","embeddable":true,"href":"https:\/\/coversmart.a1professionals.net\/en\/wp-json\/wp\/v2\/product_cat?post=7311"},{"taxonomy":"product_tag","embeddable":true,"href":"https:\/\/coversmart.a1professionals.net\/en\/wp-json\/wp\/v2\/product_tag?post=7311"}],"curies":[{"name":"wp","href":"https:\/\/api.w.org\/{rel}","templated":true}]}}