{"id":7427,"date":"2020-04-09T05:06:25","date_gmt":"2020-04-09T03:06:25","guid":{"rendered":"https:\/\/coversmart.a1professionals.net\/?post_type=product&#038;p=7427"},"modified":"2025-05-30T16:34:06","modified_gmt":"2025-05-30T14:34:06","slug":"huawei-p20-lite-shockproof-huelle-cover","status":"publish","type":"product","link":"https:\/\/coversmart.a1professionals.net\/en\/product-2\/huawei-p20-lite-shockproof-huelle-cover\/","title":{"rendered":"Huawei P20 Lite Shockproof H\u00fclle Cover"},"content":{"rendered":"<p>LIEFERUNG INNERHALB VON 1-2 TAGEN \/ KAUF AUF RECHNUNG<\/p>\n<p>Our quality promise and services<\/p>\n<p>All purchases in our shop are covered by a 30-day returns policy, our seal of approval for quality and safety. We always endeavour to go the extra mile to satisfy your needs.<\/p>\n<p>At coversmart, our goal is to offer our customers quality products at fair prices. Not only do we strive to provide fair prices for our customers, but we also offer our customers round the clock customer service, 24 hours \/ 7 days a week. - coversmart Your partner for electronics &amp; smartphone accessories.<\/p>\n<p>\"Sent by A Mail + tracking\"<\/p>","protected":false},"excerpt":{"rendered":"<h2>LIEFERUNG INNERHALB VON 1-2 TAGEN \/ KAUF AUF RECHNUNG<\/h2>\n<ul>\n<li>Huawei P20 Lite \u00a0Shockproof H\u00fclle Cover<\/li>\n<li>Aus hochwertigen Materialien gefertigt<\/li>\n<li>Speziell f\u00fcr iPhone designed<\/li>\n<li>Liegt optimal in der Hand<\/li>\n<li>Extrem sch\u00fctzend bei gleichzeitig elegantem, schlankem und leicht zu haltendem Design<\/li>\n<li>Rutschfest, fingerabdrucksicher und kratzfest, abriebfest, staubdicht und pflegeleicht<\/li>\n<li>Erh\u00f6hte Kameraecken sch\u00fctzen das Glas Ihrer Huawei-Kamera<\/li>\n<\/ul>\n<p>Der optimale Schutz f\u00fcr Dein iPhone wird schon bei der Wahl der H\u00fclle getroffen - Unser iPhone Rugged Case liegt nicht nur perfekt in der Hand, sondern ist auch ideal auf die Lautst\u00e4rketasten. Mache Dein iPhone vollkommen und kombiniere dieses passgenaue Shockproof mit Deinem Smartphone. Du kannst die Kamera, den USB-Anschluss, sowie die Tasten auch in der H\u00fclle bedienen.<\/p>\n<p>Colour: Transparent<br \/>\nModell: 51992382<br \/>\nMaterial: Silikon, TPU<\/p>","protected":false},"featured_media":7428,"template":"","meta":[],"product_brand":[],"product_cat":[33,32,54,48],"product_tag":[],"class_list":{"0":"post-7427","1":"product","2":"type-product","3":"status-publish","4":"has-post-thumbnail","6":"product_cat-andere-hersteller","7":"product_cat-huawei","8":"product_cat-huawei-p20-lite","9":"product_cat-huawei-smartphones","11":"first","12":"instock","13":"taxable","14":"shipping-taxable","15":"purchasable","16":"product-type-simple"},"_links":{"self":[{"href":"https:\/\/coversmart.a1professionals.net\/en\/wp-json\/wp\/v2\/product\/7427","targetHints":{"allow":["GET"]}}],"collection":[{"href":"https:\/\/coversmart.a1professionals.net\/en\/wp-json\/wp\/v2\/product"}],"about":[{"href":"https:\/\/coversmart.a1professionals.net\/en\/wp-json\/wp\/v2\/types\/product"}],"wp:featuredmedia":[{"embeddable":true,"href":"https:\/\/coversmart.a1professionals.net\/en\/wp-json\/wp\/v2\/media\/7428"}],"wp:attachment":[{"href":"https:\/\/coversmart.a1professionals.net\/en\/wp-json\/wp\/v2\/media?parent=7427"}],"wp:term":[{"taxonomy":"product_brand","embeddable":true,"href":"https:\/\/coversmart.a1professionals.net\/en\/wp-json\/wp\/v2\/product_brand?post=7427"},{"taxonomy":"product_cat","embeddable":true,"href":"https:\/\/coversmart.a1professionals.net\/en\/wp-json\/wp\/v2\/product_cat?post=7427"},{"taxonomy":"product_tag","embeddable":true,"href":"https:\/\/coversmart.a1professionals.net\/en\/wp-json\/wp\/v2\/product_tag?post=7427"}],"curies":[{"name":"wp","href":"https:\/\/api.w.org\/{rel}","templated":true}]}}