{"id":7706,"date":"2020-04-09T16:07:59","date_gmt":"2020-04-09T14:07:59","guid":{"rendered":"https:\/\/coversmart.a1professionals.net\/?post_type=product&#038;p=7706"},"modified":"2025-05-09T19:00:07","modified_gmt":"2025-05-09T17:00:07","slug":"samsung-s8-flipcase-wallet-huelle-cover","status":"publish","type":"product","link":"https:\/\/coversmart.a1professionals.net\/en\/product-2\/samsung-s8-flipcase-wallet-huelle-cover\/","title":{"rendered":"Samsung S8 Flipcase Wallet H\u00fclle Cover"},"content":{"rendered":"<p><strong>Our quality promise and services<\/strong><\/p>\n<p>All purchases in our shop are covered by a 30-day returns policy, our seal of approval for quality and safety. We always endeavour to go the extra mile to satisfy your needs.<\/p>\n<p>At coversmart, our goal is to offer our customers quality products at fair prices. Not only do we strive to provide fair prices for our customers, but we also offer our customers round the clock customer service, 24 hours \/ 7 days a week. - coversmart Your partner for electronics &amp; smartphone accessories.<\/p>\n<p>\"Sent by A Mail + tracking\"<\/p>\n<p>[ux_banner height=\"200px\"]<\/p>\n<p>[text_box position_x=\"50\" position_y=\"50\"]<\/p>\n<h3 class=\"uppercase\">Fast Shipping Across Switzerland<\/h3>\n<p><a class=\"cta-button\" href=\"#\">Shop Now<\/a><\/p>\n<p>[\/text_box]<\/p>\n<p>[\/ux_banner]<\/p>","protected":false},"excerpt":{"rendered":"<ul>\n<li>Samsung S8 \u00a0Flipcase Wallet H\u00fclle<\/li>\n<li>Sch\u00fctzt das Samsung vollst\u00e4ndig, vorne, hinten und auf die seiten<\/li>\n<li>Ausschnitte f\u00fcr Tasten, Kamera und Anschl\u00fcsse<\/li>\n<li>Flipcase mit Magnetverschluss<\/li>\n<li>Ideal f\u00fcr Karten oder Bargeld<\/li>\n<li>Hergestellt aus einem starken und robusten Material<\/li>\n<\/ul>\n<p>Die Samsung H\u00fclle besteht aus starkes und hochwetiges Material und ist ein stilvolles Accessoire f\u00fcr dein Samsung . Die perfekte Kombination aus Komfort und Benutzerfreundlichkeit. Dein Samsung liegt durch das schlanke Design und das starkes Material gut und sicher in der Hand. Das passgenaue Design sorgt f\u00fcr maximale Zuverl\u00e4ssigkeit, sodass dein Samsung einen optimalen Schutz und eine sehr edle Optik geniesst. Alle Anschl\u00fcsse und die Kamera auf der R\u00fcckseite stehen trotz Samsung Flipcase Cover H\u00fclle auch weiterhin zur Verf\u00fcgung und k\u00f6nnen genutzt werden.<\/p>\n<p>Material: PU\/PC und Mikrofaser<br \/>\nModell: EF-PG973TBEG<br \/>\nFarbe: Aussenseite Schwarz, innen Karamellbraun<br \/>\nACHTUNG: Nur passend f\u00fcr Samsung<\/p>","protected":false},"featured_media":7707,"template":"","meta":[],"product_brand":[],"product_cat":[33,44,35,31],"product_tag":[],"class_list":{"0":"post-7706","1":"product","2":"type-product","3":"status-publish","4":"has-post-thumbnail","6":"product_cat-andere-hersteller","7":"product_cat-galaxy-s8","8":"product_cat-galaxy-smartphones","9":"product_cat-samsung","11":"first","12":"instock","13":"taxable","14":"shipping-taxable","15":"purchasable","16":"product-type-simple"},"_links":{"self":[{"href":"https:\/\/coversmart.a1professionals.net\/en\/wp-json\/wp\/v2\/product\/7706","targetHints":{"allow":["GET"]}}],"collection":[{"href":"https:\/\/coversmart.a1professionals.net\/en\/wp-json\/wp\/v2\/product"}],"about":[{"href":"https:\/\/coversmart.a1professionals.net\/en\/wp-json\/wp\/v2\/types\/product"}],"wp:featuredmedia":[{"embeddable":true,"href":"https:\/\/coversmart.a1professionals.net\/en\/wp-json\/wp\/v2\/media\/7707"}],"wp:attachment":[{"href":"https:\/\/coversmart.a1professionals.net\/en\/wp-json\/wp\/v2\/media?parent=7706"}],"wp:term":[{"taxonomy":"product_brand","embeddable":true,"href":"https:\/\/coversmart.a1professionals.net\/en\/wp-json\/wp\/v2\/product_brand?post=7706"},{"taxonomy":"product_cat","embeddable":true,"href":"https:\/\/coversmart.a1professionals.net\/en\/wp-json\/wp\/v2\/product_cat?post=7706"},{"taxonomy":"product_tag","embeddable":true,"href":"https:\/\/coversmart.a1professionals.net\/en\/wp-json\/wp\/v2\/product_tag?post=7706"}],"curies":[{"name":"wp","href":"https:\/\/api.w.org\/{rel}","templated":true}]}}