{"id":7837,"date":"2020-04-09T19:35:29","date_gmt":"2020-04-09T17:35:29","guid":{"rendered":"https:\/\/coversmart.a1professionals.net\/?post_type=product&#038;p=7837"},"modified":"2025-05-09T19:00:13","modified_gmt":"2025-05-09T17:00:13","slug":"ipad-air-2019-shockproof-huelle-cover","status":"publish","type":"product","link":"https:\/\/coversmart.a1professionals.net\/en\/product-2\/ipad-air-2019-shockproof-huelle-cover\/","title":{"rendered":"iPad Air 2019 Shockproof H\u00fclle Cover"},"content":{"rendered":"<p>Our quality promise and services<\/p>\n<p>All purchases in our shop are covered by a 30-day returns policy, our seal of approval for quality and safety. We always endeavour to go the extra mile to satisfy your needs.<\/p>\n<p>\"Sent by A Mail + tracking\"<\/p>\n<p>[ux_banner height=\"200px\"]<\/p>\n<p>[text_box position_x=\"50\" position_y=\"50\"]<\/p>\n<h3 class=\"uppercase\">Fast Shipping Across Switzerland<\/h3>\n<p><a class=\"cta-button\" href=\"#\">Shop Now<\/a><\/p>\n<p>[\/text_box]<\/p>\n<p>[\/ux_banner]<\/p>","protected":false},"excerpt":{"rendered":"<h2 class=\"subtitle--1gW5X\">LIEFERUNG INNERHALB 1-2 WERKTAGE \/ KAUF AUF RECHNUNG<\/h2>\n<div class=\"userDescription--GDETe\">\n<article>iPad Air 2019 Shockproof H\u00fclle CoverLIEFERUNG INNERHALB 1-2 WERKTAGE \/ KAUF AUF RECHNUNGRobuste und sto\u00dffeste iPad-H\u00fclle mit Ausschnitt f\u00fcr Stylus-Stift und faltbarer Aktion. Bilder wie beschrieben.&nbsp;<\/p>\n<\/article>\n<\/div>","protected":false},"featured_media":7838,"template":"","meta":[],"product_brand":[],"product_cat":[33,100,93,16],"product_tag":[],"class_list":{"0":"post-7837","1":"product","2":"type-product","3":"status-publish","4":"has-post-thumbnail","6":"product_cat-andere-hersteller","7":"product_cat-ipad-air-1","8":"product_cat-ipad","9":"product_cat-apple-phone-cases-covers","11":"first","12":"instock","13":"taxable","14":"shipping-taxable","15":"purchasable","16":"product-type-simple"},"_links":{"self":[{"href":"https:\/\/coversmart.a1professionals.net\/en\/wp-json\/wp\/v2\/product\/7837","targetHints":{"allow":["GET"]}}],"collection":[{"href":"https:\/\/coversmart.a1professionals.net\/en\/wp-json\/wp\/v2\/product"}],"about":[{"href":"https:\/\/coversmart.a1professionals.net\/en\/wp-json\/wp\/v2\/types\/product"}],"wp:featuredmedia":[{"embeddable":true,"href":"https:\/\/coversmart.a1professionals.net\/en\/wp-json\/wp\/v2\/media\/7838"}],"wp:attachment":[{"href":"https:\/\/coversmart.a1professionals.net\/en\/wp-json\/wp\/v2\/media?parent=7837"}],"wp:term":[{"taxonomy":"product_brand","embeddable":true,"href":"https:\/\/coversmart.a1professionals.net\/en\/wp-json\/wp\/v2\/product_brand?post=7837"},{"taxonomy":"product_cat","embeddable":true,"href":"https:\/\/coversmart.a1professionals.net\/en\/wp-json\/wp\/v2\/product_cat?post=7837"},{"taxonomy":"product_tag","embeddable":true,"href":"https:\/\/coversmart.a1professionals.net\/en\/wp-json\/wp\/v2\/product_tag?post=7837"}],"curies":[{"name":"wp","href":"https:\/\/api.w.org\/{rel}","templated":true}]}}