{"id":8341,"date":"2020-04-10T19:58:53","date_gmt":"2020-04-10T17:58:53","guid":{"rendered":"https:\/\/coversmart.a1professionals.net\/?post_type=product&#038;p=8341"},"modified":"2025-05-09T19:00:37","modified_gmt":"2025-05-09T17:00:37","slug":"huawei-p20-kamera-panzer-glas","status":"publish","type":"product","link":"https:\/\/coversmart.a1professionals.net\/en\/product-2\/huawei-p20-kamera-panzer-glas\/","title":{"rendered":"Huawei P20 Kamera Panzer Glas"},"content":{"rendered":"<p>* Garantie: Wir bieten allen unseren Kunden ein 30-t\u00e4giges R\u00fcckgaberecht. R\u00fccksendegeb\u00fchren gehen zu Lasten des K\u00e4ufers und m\u00fcssen unbesch\u00e4digt, verpackt und im Originalzustand zur\u00fcckgesandt werden.<\/p>\n<p>* Wenn Sie mehrere Artikel kaufen, bezahlen Sie nur einmal das Porto, dies wird anhand des Gesamtgewichts und der Abmessungen berechnet. Dieses Angebot gilt nur f\u00fcr die Transaktionen, die am gleichen Tag get\u00e4tigt sind.<\/p>\n<p>* Das Porto enth\u00e4lt Lieferkosten,Verpackung, Lagerung und Vertrieb, Entsorgung, Kurierkosten f\u00fcr die Lieferung.<\/p>\n<p>* Damit wir Ihnen weiterhin qualitativ gute Produkte zu einem g\u00fcnstigen Preis anbieten k\u00f6nnen, sind wir auf Ihre positive Bewertung angewiesen. Bei Probleme mit dem gelieferten Artikel d\u00fcrfen Sie sich jeder Zeit per Email melden, damit wir das Problem baldm\u00f6glichst l\u00f6sen k\u00f6nnen.<\/p>\n<p>* Es kann sein, dass die Artikelbilder zu einem anderen Smartphone \/ Tablett geh\u00f6ren. Sie werden den abgebildeten Artikel mit n\u00f6tigen Aussparungen f\u00fcr das im Titel beschriebene Smartphone \/ Tablett erhalten.<\/p>\n<p>* Wenn der Kunde das Stornieren eines Kaufs verlangt, muss er die Bearbeitungsgeb\u00fchren \u00fcbernehmen. (1 Fr. Pro Transaktion)<\/p>\n<p>* Wir \u00fcbernehmen keine Haftung f\u00fcr Sch\u00e4den, die durch den Gebrauch eines gekauften Artikels entstehen.<\/p>\n<p>* 100% der angebotenen Artikel befinden sich bei uns am Lager und werden am gleichen Tag geliefert, wenn das Geld auf dem Konto ist. Bitte melden Sie sich, wenn Sie Ihre Ware innerhalb von 5 Arbeitstage nicht erhalten.<\/p>\n<p>* Das Abholen ist nicht m\u00f6glich.<\/p>\n<p>* Bei Einzahlungen am Postschalter mit dem Einzahlungschein dem Endbetrag (Warenwert + Porto) 2.- CHF Postspesen dazurechnen.<\/p>\n<p>* Die Ware wird erst geschickt, wenn der Endbetrag (Warenwert + Porto + evtl. Geb\u00fchren z.B Einzahlungsscheingeb\u00fchr) auf dem Konto ersichtlich wird.<\/p>\n<p>* Bei Fragen, Problemen, Unklarheiten sind wir gerne per E-Mail erreichbar. Sie bekommen eine Antwort innerhalb von 24 Std.<\/p>\n<p>Mit Ihrem Kauf \/ Angebot akzeptieren Sie die oben aufgef\u00fchrte AGB.<\/p>\n<p>\"Sent by A Mail + tracking\"<\/p>\n<p>[ux_banner height=\"200px\"]<\/p>\n<p>[text_box position_x=\"50\" position_y=\"50\"]<\/p>\n<h3 class=\"uppercase\">Fast Shipping Across Switzerland<\/h3>\n<p><a class=\"cta-button\" href=\"#\">Shop Now<\/a><\/p>\n<p>[\/text_box]<\/p>\n<p>[\/ux_banner]<\/p>","protected":false},"excerpt":{"rendered":"<ul>\n<li>Huawei P20 Kamera Panzer Glas<\/li>\n<li>Geh\u00e4rtetes Glas mit 9H-St\u00e4rke f\u00fcr verbesserte Sto\u00dfd\u00e4mpfung<\/li>\n<li>Bruchsicheres Design<\/li>\n<li>Keine extra Sperrigkeit oder Gewicht<\/li>\n<li>Einfaches Anbringen ohne Bl\u00e4schenbildung<\/li>\n<li>Anti-Kratz-Beschichtung<\/li>\n<li>Fettabweisende Beschichtung verhindert Fingerabdr\u00fccke<\/li>\n<li>Speziell f\u00fcr Huawei entworfen<\/li>\n<\/ul>\n<p>Beschreibung<\/p>\n<p>Geh\u00e4rtetes Glas mit 9H-St\u00e4rke f\u00fcr verbesserte Sto\u00dfd\u00e4mpfung<\/p>\n<p>Dieser geniale Linsenschutz ist aus extra d\u00fcnnem und dennoch widerstandsf\u00e4higem geh\u00e4rteten Glas gefertigt. Die Unterseite des geh\u00e4rteten Glases schmiegt sich eng an die glatte Oberfl\u00e4che der Kamera an und verl\u00e4uft entlang ihrer Konturen f\u00fcr eine perfekte Passform.<\/p>\n<p>Bruchsicheres Design<\/p>\n<p>Dank seiner Fertigung aus geh\u00e4rtetem Glas bietet der Olixar Linsenschutz f\u00fcr das Huawei ein bruchsicheres Design, welches die hochempfindlichen Linsen des Huawei im Falle von St\u00fcrzen und St\u00f6\u00dfen verl\u00e4sslich sch\u00fctzt.<\/p>\n<p>Einfaches Anbringen ohne Bl\u00e4schenbildung<\/p>\n<p>Da dieser Glasschutz wie eine kleine Scheibe beschaffen ist, m\u00fcssen Sie Sorgen um Bl\u00e4schenbildung, wie bei Schutzfolien machen.<\/p>\n<p>Anti-Kratz-Beschichtung<\/p>\n<p>Der Kameraschutz von Olixar ist extrem d\u00fcnn und bietet seiner speziellen Beschichtung optimale Durchsichtigkeit, die gleichzeitig Kratzern und Schrammen widersteht.<\/p>\n<p>Fettabweisende Beschichtung verhindert Fingerabdr\u00fccke<\/p>\n<p>Die fettabweisende Beschichtung verhindert, dass die Linse durch Fingerabdr\u00fccke oder Kosmetika verschmiert und hierdurch kein Regenbogenschimmer entsteht.<\/p>\n<p>Keine extra Sperrigkeit oder Gewicht<\/p>\n<p>Mit diesem Schutzglas wird das Beste aus ansprechendem Design und verl\u00e4sslichem Schutz vereint. Das Huawei muss so nicht unn\u00f6tig schwerer oder sperriger gemacht werden, um einwandfreien Schutz zu erhalten.<\/p>","protected":false},"featured_media":8342,"template":"","meta":[],"product_brand":[],"product_cat":[33,32,53,48],"product_tag":[],"class_list":{"0":"post-8341","1":"product","2":"type-product","3":"status-publish","4":"has-post-thumbnail","6":"product_cat-andere-hersteller","7":"product_cat-huawei","8":"product_cat-huawei-p20","9":"product_cat-huawei-smartphones","11":"first","12":"instock","13":"taxable","14":"shipping-taxable","15":"purchasable","16":"product-type-simple"},"_links":{"self":[{"href":"https:\/\/coversmart.a1professionals.net\/en\/wp-json\/wp\/v2\/product\/8341","targetHints":{"allow":["GET"]}}],"collection":[{"href":"https:\/\/coversmart.a1professionals.net\/en\/wp-json\/wp\/v2\/product"}],"about":[{"href":"https:\/\/coversmart.a1professionals.net\/en\/wp-json\/wp\/v2\/types\/product"}],"wp:featuredmedia":[{"embeddable":true,"href":"https:\/\/coversmart.a1professionals.net\/en\/wp-json\/wp\/v2\/media\/8342"}],"wp:attachment":[{"href":"https:\/\/coversmart.a1professionals.net\/en\/wp-json\/wp\/v2\/media?parent=8341"}],"wp:term":[{"taxonomy":"product_brand","embeddable":true,"href":"https:\/\/coversmart.a1professionals.net\/en\/wp-json\/wp\/v2\/product_brand?post=8341"},{"taxonomy":"product_cat","embeddable":true,"href":"https:\/\/coversmart.a1professionals.net\/en\/wp-json\/wp\/v2\/product_cat?post=8341"},{"taxonomy":"product_tag","embeddable":true,"href":"https:\/\/coversmart.a1professionals.net\/en\/wp-json\/wp\/v2\/product_tag?post=8341"}],"curies":[{"name":"wp","href":"https:\/\/api.w.org\/{rel}","templated":true}]}}