{"id":9560,"date":"2020-05-16T11:28:13","date_gmt":"2020-05-16T09:28:13","guid":{"rendered":"https:\/\/coversmart.a1professionals.net\/?post_type=product&#038;p=9560"},"modified":"2025-05-09T19:00:41","modified_gmt":"2025-05-09T17:00:41","slug":"einziehbares-usbkabel-buerocomputer-maeuse","status":"publish","type":"product","link":"https:\/\/coversmart.a1professionals.net\/en\/product-2\/einziehbares-usbkabel-buerocomputer-maeuse\/","title":{"rendered":"Einziehbares USBKabel B\u00fcrocomputer M\u00e4use"},"content":{"rendered":"<p>Lieferinhalt:<br \/>\n1 * Maus.<\/p>\n<p>[ux_banner height=\"200px\"]<\/p>\n<p>[text_box position_x=\"50\" position_y=\"50\"]<\/p>\n<h3 class=\"uppercase\">Fast Shipping Across Switzerland<\/h3>\n<p><a class=\"cta-button\" href=\"#\">Shop Now<\/a><\/p>\n<p>[\/text_box]<\/p>\n<p>[\/ux_banner]<\/p>","protected":false},"excerpt":{"rendered":"<p>Die Maus besteht aus hochwertigem Material, ist langlebig und kann lange verwendet werden.<br \/>\nErgonomischer Stil entworfen, der bequem zu handhaben ist und Sie werden sich nicht m\u00fcde f\u00fchlen.<br \/>\nDie optische Mini-Maus ist kompatibel mit PC, Computern und Laptops, die einen gro\u00dfen Anwendungsbereich haben.<br \/>\nSowohl f\u00fcr den Heim- als auch f\u00fcr das B\u00fcro geeignet, was auch f\u00fcr andere Orte geeignet ist.<br \/>\nDie Maus ist mit einem einziehbaren Kabel ausgestattet, das die Aufbewahrung erleichtert und die Verwendung bequem macht.<\/p>\n<p>Spezifikation:<br \/>\nFarbe: schwarz, rot, lila, silber, blau.<br \/>\nMaterial: als Bilder anzeigen.<\/p>\n<p>Gr\u00f6\u00dfe:<br \/>\nHinweis<br \/>\nAufgrund unterschiedlicher Computeraufl\u00f6sungen kann es zu Farbverzerrungen kommen.<br \/>\nAufgrund unterschiedlicher Handmessungen k\u00f6nnen leichte Fehler auftreten.<\/p>\n<p>&nbsp;<\/p>","protected":false},"featured_media":9561,"template":"","meta":[],"product_brand":[],"product_cat":[34,110,108],"product_tag":[],"class_list":{"0":"post-9560","1":"product","2":"type-product","3":"status-publish","4":"has-post-thumbnail","6":"product_cat-elektronik-zubehoer","7":"product_cat-mauese","8":"product_cat-pc-komponenten-und-zubehoer","10":"first","11":"instock","12":"taxable","13":"shipping-taxable","14":"purchasable","15":"product-type-simple"},"_links":{"self":[{"href":"https:\/\/coversmart.a1professionals.net\/en\/wp-json\/wp\/v2\/product\/9560","targetHints":{"allow":["GET"]}}],"collection":[{"href":"https:\/\/coversmart.a1professionals.net\/en\/wp-json\/wp\/v2\/product"}],"about":[{"href":"https:\/\/coversmart.a1professionals.net\/en\/wp-json\/wp\/v2\/types\/product"}],"wp:featuredmedia":[{"embeddable":true,"href":"https:\/\/coversmart.a1professionals.net\/en\/wp-json\/wp\/v2\/media\/9561"}],"wp:attachment":[{"href":"https:\/\/coversmart.a1professionals.net\/en\/wp-json\/wp\/v2\/media?parent=9560"}],"wp:term":[{"taxonomy":"product_brand","embeddable":true,"href":"https:\/\/coversmart.a1professionals.net\/en\/wp-json\/wp\/v2\/product_brand?post=9560"},{"taxonomy":"product_cat","embeddable":true,"href":"https:\/\/coversmart.a1professionals.net\/en\/wp-json\/wp\/v2\/product_cat?post=9560"},{"taxonomy":"product_tag","embeddable":true,"href":"https:\/\/coversmart.a1professionals.net\/en\/wp-json\/wp\/v2\/product_tag?post=9560"}],"curies":[{"name":"wp","href":"https:\/\/api.w.org\/{rel}","templated":true}]}}