{"id":7131,"date":"2020-04-08T12:57:55","date_gmt":"2020-04-08T10:57:55","guid":{"rendered":"https:\/\/coversmart.a1professionals.net\/?post_type=product&#038;p=7131"},"modified":"2025-05-09T18:59:32","modified_gmt":"2025-05-09T16:59:32","slug":"airpods-1-gen-silikon-case-huelle","status":"publish","type":"product","link":"https:\/\/coversmart.a1professionals.net\/es\/producto\/airpods-1-gen-silikon-case-huelle\/","title":{"rendered":"AirPods (1. Gen.) Silikon Case H\u00fclle"},"content":{"rendered":"<p>Silikon Case Schutzh\u00fclle Abdeckung f\u00fcr Apple AirPods Ladecase:<\/p>\n<p>Silikon Schutzh\u00fclle f\u00fcr das Ladecase der Apple AirPods<br \/>\nSchlankes, passendes, minimalistisches Design<br \/>\nLanglebiges und schlagabsorbierende Silikonh\u00fclle<br \/>\nKompatibel mit Apple AirPods (1. Generation)<br \/>\nPerfekte Balance zwischen Schutz und Passform<br \/>\nLangfristiger Schutz gegen Kratzer auf der gl\u00e4nzenden Oberfl\u00e4che<br \/>\nAusschnitt f\u00fcr den Lightning-Ladeanschluss<\/p>\n<p>\"Versendet per A-Post + Tracking\"<\/p>\n<p>[ux_banner height=\"200px\"]<\/p>\n<p>[text_box position_x=\"50\" position_y=\"50\"]<\/p>\n<h3 class=\"uppercase\">Fast Shipping Across Switzerland<\/h3>\n<p><a class=\"cta-button\" href=\"#\">Shop Now<\/a><\/p>\n<p>[\/text_box]<\/p>\n<p>[\/ux_banner]<\/p>","protected":false},"excerpt":{"rendered":"<p class=\"jss176\">Zustand<br \/>\nNeu und originalverpackt<\/p>\n<p>Behalte Deine Apple AirPods bzw. das Ladecase der Wireless Kopfh\u00f6rer sicher in der Hand und bewahre es von unansehnlichen Kratzern. Mit unserer rutschfesten und flexiblen Silikon Case Schutzh\u00fclle bleibt die Ladebox der Apple Bluetooth Kopfh\u00f6rer stets gut gesch\u00fctzt und liegt perfekt in der Hand.<\/p>\n<p>Die AirPods Ladebox einfach in die Silikonh\u00fclle schieben und schon lassen sich die AirPods sofort von anderen unterscheiden und geniessen einen hervorragend Schutz vor Kratzern, Schmutz, Staub und leichten St\u00f6ssen und St\u00fcrzen. Ein Ausschnitt an der Unterseite (Ladeanschluss) erm\u00f6glicht das Laden der AirPods Box auch in der Silikon Case H\u00fclle.<\/p>\n<p>Farbe: Weiss<br \/>\nMaterial: Silikon<br \/>\nNur passend f\u00fcr Apple AirPods 1. Generation (Ladecase)<\/p>","protected":false},"featured_media":7132,"template":"","meta":[],"product_brand":[],"product_cat":[114],"product_tag":[],"class_list":{"0":"post-7131","1":"product","2":"type-product","3":"status-publish","4":"has-post-thumbnail","6":"product_cat-unkategorisiert","8":"first","9":"instock","10":"taxable","11":"shipping-taxable","12":"purchasable","13":"product-type-simple"},"_links":{"self":[{"href":"https:\/\/coversmart.a1professionals.net\/es\/wp-json\/wp\/v2\/product\/7131","targetHints":{"allow":["GET"]}}],"collection":[{"href":"https:\/\/coversmart.a1professionals.net\/es\/wp-json\/wp\/v2\/product"}],"about":[{"href":"https:\/\/coversmart.a1professionals.net\/es\/wp-json\/wp\/v2\/types\/product"}],"wp:featuredmedia":[{"embeddable":true,"href":"https:\/\/coversmart.a1professionals.net\/es\/wp-json\/wp\/v2\/media\/7132"}],"wp:attachment":[{"href":"https:\/\/coversmart.a1professionals.net\/es\/wp-json\/wp\/v2\/media?parent=7131"}],"wp:term":[{"taxonomy":"product_brand","embeddable":true,"href":"https:\/\/coversmart.a1professionals.net\/es\/wp-json\/wp\/v2\/product_brand?post=7131"},{"taxonomy":"product_cat","embeddable":true,"href":"https:\/\/coversmart.a1professionals.net\/es\/wp-json\/wp\/v2\/product_cat?post=7131"},{"taxonomy":"product_tag","embeddable":true,"href":"https:\/\/coversmart.a1professionals.net\/es\/wp-json\/wp\/v2\/product_tag?post=7131"}],"curies":[{"name":"wp","href":"https:\/\/api.w.org\/{rel}","templated":true}]}}