{"id":7163,"date":"2020-04-08T14:40:03","date_gmt":"2020-04-08T12:40:03","guid":{"rendered":"https:\/\/coversmart.a1professionals.net\/?post_type=product&#038;p=7163"},"modified":"2025-05-09T18:59:34","modified_gmt":"2025-05-09T16:59:34","slug":"samsung-s20-ultra-shockproof-huelle-cover","status":"publish","type":"product","link":"https:\/\/coversmart.a1professionals.net\/es\/producto\/samsung-s20-ultra-shockproof-huelle-cover\/","title":{"rendered":"Samsung S20 Ultra Shockproof H\u00fclle Cover"},"content":{"rendered":"<p>Unsere Qualit\u00e4tsversprechen und Leistungen<\/p>\n<p>F\u00fcr alle Eink\u00e4ufe in unserem Gesch\u00e4ft gilt ein 30-t\u00e4giges R\u00fcckgaberecht, unser G\u00fctesiegel f\u00fcr Qualit\u00e4t und Sicherheit. Wir sind immer bem\u00fcht, einen Schritt weiter zu gehen, um Ihre Bed\u00fcrfnisse zu befriedigen.<\/p>\n<p>Bei coversmart ist es unser Ziel, unseren Kunden Qualit\u00e4tsprodukte zu fairen Preisen anzubieten. Wir streben nicht nur faire Preise f\u00fcr unsere Kunden an, sondern bieten unseren Kunden auch ein rund um die Uhr Kundenservice, 24 Stunden \/ 7 Tage in der Woche. \u2013 coversmart Dein Partner f\u00fcr Elektronik &amp; Smartphone Zubeh\u00f6r.<\/p>\n<p>AUSBLENDEN<\/p>\n<p>\"Versendet per A-Post + Tracking\"<\/p>\n<p>[ux_banner height=\"200px\"]<\/p>\n<p>[text_box position_x=\"50\" position_y=\"50\"]<\/p>\n<h3 class=\"uppercase\">Fast Shipping Across Switzerland<\/h3>\n<p><a class=\"cta-button\" href=\"#\">Shop Now<\/a><\/p>\n<p>[\/text_box]<\/p>\n<p>[\/ux_banner]<\/p>","protected":false},"excerpt":{"rendered":"<p>Samsung S20 Ultra Shockproof H\u00fclle Cover<\/p>\n<ul>\n<li>LIEFERUNG INNERHALB VON 1-2 TAGEN \/ KAUF AUF RECHNUNG<\/li>\n<li>Aus hochwertigen Materialien gefertigt<\/li>\n<li>Liegt optimal in der Hand<\/li>\n<li>Extrem sch\u00fctzend bei gleichzeitig elegantem, schlankem und leicht zu haltendem Design<\/li>\n<li>Rutschfest, fingerabdrucksicher und kratzfest, abriebfest, staubdicht und pflegeleicht<\/li>\n<li>Erh\u00f6hte Kameraecken sch\u00fctzen das Glas Ihrer Samsung-Kamera<\/li>\n<\/ul>\n<p>Der optimale Schutz f\u00fcr Dein Samsung wird schon bei der Wahl der H\u00fclle getroffen - Unser Samsung Rugged Case liegt nicht nur perfekt in der Hand, sondern ist auch ideal auf die Lautst\u00e4rketasten. Mache Dein Samsung vollkommen und kombiniere dieses passgenaue Shockproof mit Deinem Smartphone. Du kannst die Kamera, den USB-Anschluss, sowie die Tasten auch in der H\u00fclle bedienen.<\/p>\n<p>Farbe: Transparent<br \/>\nModell: 51992382<br \/>\nMaterial: Silikon, TPU<\/p>","protected":false},"featured_media":7164,"template":"","meta":[],"product_brand":[],"product_cat":[33,31,117],"product_tag":[],"class_list":{"0":"post-7163","1":"product","2":"type-product","3":"status-publish","4":"has-post-thumbnail","6":"product_cat-andere-hersteller","7":"product_cat-samsung","8":"product_cat-samsung-s20","10":"first","11":"instock","12":"taxable","13":"shipping-taxable","14":"purchasable","15":"product-type-simple"},"_links":{"self":[{"href":"https:\/\/coversmart.a1professionals.net\/es\/wp-json\/wp\/v2\/product\/7163","targetHints":{"allow":["GET"]}}],"collection":[{"href":"https:\/\/coversmart.a1professionals.net\/es\/wp-json\/wp\/v2\/product"}],"about":[{"href":"https:\/\/coversmart.a1professionals.net\/es\/wp-json\/wp\/v2\/types\/product"}],"wp:featuredmedia":[{"embeddable":true,"href":"https:\/\/coversmart.a1professionals.net\/es\/wp-json\/wp\/v2\/media\/7164"}],"wp:attachment":[{"href":"https:\/\/coversmart.a1professionals.net\/es\/wp-json\/wp\/v2\/media?parent=7163"}],"wp:term":[{"taxonomy":"product_brand","embeddable":true,"href":"https:\/\/coversmart.a1professionals.net\/es\/wp-json\/wp\/v2\/product_brand?post=7163"},{"taxonomy":"product_cat","embeddable":true,"href":"https:\/\/coversmart.a1professionals.net\/es\/wp-json\/wp\/v2\/product_cat?post=7163"},{"taxonomy":"product_tag","embeddable":true,"href":"https:\/\/coversmart.a1professionals.net\/es\/wp-json\/wp\/v2\/product_tag?post=7163"}],"curies":[{"name":"wp","href":"https:\/\/api.w.org\/{rel}","templated":true}]}}