{"id":7257,"date":"2020-04-08T16:06:47","date_gmt":"2020-04-08T14:06:47","guid":{"rendered":"https:\/\/coversmart.a1professionals.net\/?post_type=product&#038;p=7257"},"modified":"2025-05-09T18:59:39","modified_gmt":"2025-05-09T16:59:39","slug":"colmi-fitness-smart-watch-wasserdicht-3","status":"publish","type":"product","link":"https:\/\/coversmart.a1professionals.net\/es\/producto\/colmi-fitness-smart-watch-wasserdicht-3\/","title":{"rendered":"COLMI Fitness Smart Watch Wasserdicht"},"content":{"rendered":"<p>Funktion: Passometer, Schlaf-Tracker, Push-Nachricht, Herzfrequenz-Tracker, Wecker, Fernbedienung, Monatsfunktion, Fitness-Tracker, Funktion: Nachrichtenerinnerung, Funktion: WeekFunktion: Interaktive Musik, Funktion: Anruferinnerung<\/p>\n<p>Unsere Qualit\u00e4tsversprechen und Leistungen<\/p>\n<p>F\u00fcr alle Eink\u00e4ufe in unserem Gesch\u00e4ft gilt ein 30-t\u00e4giges R\u00fcckgaberecht, unser G\u00fctesiegel f\u00fcr Qualit\u00e4t und Sicherheit. Wir sind immer bem\u00fcht, einen Schritt weiter zu gehen, um Ihre Bed\u00fcrfnisse zu befriedigen.<\/p>\n<p>Bei coversmart ist es unser Ziel, unseren Kunden Qualit\u00e4tsprodukte zu fairen Preisen anzubieten. Wir streben nicht nur faire Preise f\u00fcr unsere Kunden an, sondern bieten unseren Kunden auch ein rund um die Uhr Kundenservice, 24 Stunden \/ 7 Tage in der Woche. \u2013 coversmart Dein Partner f\u00fcr Elektronik &amp; Smartphone Zubeh\u00f6r.<\/p>\n<p>\"Versendet per A-Post + Tracking\"<\/p>\n<p>[ux_banner height=\"200px\"]<\/p>\n<p>[text_box position_x=\"50\" position_y=\"50\"]<\/p>\n<h3 class=\"uppercase\">Fast Shipping Across Switzerland<\/h3>\n<p><a class=\"cta-button\" href=\"#\">Shop Now<\/a><\/p>\n<p>[\/text_box]<\/p>\n<p>[\/ux_banner]<\/p>","protected":false},"excerpt":{"rendered":"<p>Bilder wie beschrieben.<\/p>\n<p>Kompatibles System: Android 4.4 IOS 9.0 und h\u00f6her<br \/>\nAufl\u00f6sung: 240 * 240<br \/>\nKompatibilit\u00e4t: Alle kompatibel<br \/>\nBatteriekapazit\u00e4t: 180-220mAh<br \/>\nBluetooth: Bluetooth 4.0<br \/>\nWasserdicht: IP68 wasserdicht<br \/>\nGeh\u00e4usematerial: Silicon\/TPU<br \/>\nFarbe: Schwarz<\/p>","protected":false},"featured_media":7258,"template":"","meta":[],"product_brand":[],"product_cat":[34,106],"product_tag":[],"class_list":{"0":"post-7257","1":"product","2":"type-product","3":"status-publish","4":"has-post-thumbnail","6":"product_cat-elektronik-zubehoer","7":"product_cat-smartwatches","9":"first","10":"instock","11":"taxable","12":"shipping-taxable","13":"purchasable","14":"product-type-simple"},"_links":{"self":[{"href":"https:\/\/coversmart.a1professionals.net\/es\/wp-json\/wp\/v2\/product\/7257","targetHints":{"allow":["GET"]}}],"collection":[{"href":"https:\/\/coversmart.a1professionals.net\/es\/wp-json\/wp\/v2\/product"}],"about":[{"href":"https:\/\/coversmart.a1professionals.net\/es\/wp-json\/wp\/v2\/types\/product"}],"wp:featuredmedia":[{"embeddable":true,"href":"https:\/\/coversmart.a1professionals.net\/es\/wp-json\/wp\/v2\/media\/7258"}],"wp:attachment":[{"href":"https:\/\/coversmart.a1professionals.net\/es\/wp-json\/wp\/v2\/media?parent=7257"}],"wp:term":[{"taxonomy":"product_brand","embeddable":true,"href":"https:\/\/coversmart.a1professionals.net\/es\/wp-json\/wp\/v2\/product_brand?post=7257"},{"taxonomy":"product_cat","embeddable":true,"href":"https:\/\/coversmart.a1professionals.net\/es\/wp-json\/wp\/v2\/product_cat?post=7257"},{"taxonomy":"product_tag","embeddable":true,"href":"https:\/\/coversmart.a1professionals.net\/es\/wp-json\/wp\/v2\/product_tag?post=7257"}],"curies":[{"name":"wp","href":"https:\/\/api.w.org\/{rel}","templated":true}]}}