{"id":7319,"date":"2020-04-08T19:21:44","date_gmt":"2020-04-08T17:21:44","guid":{"rendered":"https:\/\/coversmart.a1professionals.net\/?post_type=product&#038;p=7319"},"modified":"2025-05-09T18:59:42","modified_gmt":"2025-05-09T16:59:42","slug":"samsung-galaxy-s20-plus-huelle-case","status":"publish","type":"product","link":"https:\/\/coversmart.a1professionals.net\/es\/producto\/samsung-galaxy-s20-plus-huelle-case\/","title":{"rendered":"Samsung Galaxy S20 Plus H\u00fclle Case"},"content":{"rendered":"<p><strong>Unsere Qualit\u00e4tsversprechen und Leistungen<\/strong><\/p>\n<p>F\u00fcr alle Eink\u00e4ufe in unserem Gesch\u00e4ft gilt ein 30-t\u00e4giges R\u00fcckgaberecht, unser G\u00fctesiegel f\u00fcr Qualit\u00e4t und Sicherheit. Wir sind immer bem\u00fcht, einen Schritt weiter zu gehen, um Ihre Bed\u00fcrfnisse zu befriedigen.<\/p>\n<p>Bei coversmart ist es unser Ziel, unseren Kunden Qualit\u00e4tsprodukte zu fairen Preisen anzubieten. Wir streben nicht nur faire Preise f\u00fcr unsere Kunden an, sondern bieten unseren Kunden auch ein rund um die Uhr Kundenservice, 24 Stunden \/ 7 Tage in der Woche. \u2013 coversmart Dein Partner f\u00fcr Elektronik &amp; Smartphone Zubeh\u00f6r.<\/p>\n<p>\"Versendet per A-Post + Tracking\"<\/p>\n<p>[ux_banner height=\"200px\"]<\/p>\n<p>[text_box position_x=\"50\" position_y=\"50\"]<\/p>\n<h3 class=\"uppercase\">Fast Shipping Across Switzerland<\/h3>\n<p><a class=\"cta-button\" href=\"#\">Shop Now<\/a><\/p>\n<p>[\/text_box]<\/p>\n<p>[\/ux_banner]<\/p>","protected":false},"excerpt":{"rendered":"<ul>\n<li>Samsung Galaxy S20 Plus H\u00fclle Case Etui<\/li>\n<li>Schutz Case aus starkes und flexiblem Material<\/li>\n<li>Sch\u00fctzt die R\u00fcckseite und den Rahmen vom Galaxy<\/li>\n<li>Ausschnitte f\u00fcr Tasten, Kamera und Anschl\u00fcsse<\/li>\n<li>Griffiges Silikon, mattes und geschmeidiges Design<\/li>\n<\/ul>\n<p>Das passgenaue Design sorgt f\u00fcr maximale Zuverl\u00e4ssigkeit, sodass Dein Galaxy einen optimalen Schutz und eine sehr edle Optik geniesst. Das griffige Silikon im Inneren der Samsung Schutzh\u00fclle sch\u00fctzt die R\u00fcckseite vom Galaxy vor Kratzern und Schmutz.<\/p>\n<p>Farbe: Schwarz<br \/>\nMaterial: Silikon<\/p>\n<p>&nbsp;<\/p>","protected":false},"featured_media":7320,"template":"","meta":[],"product_brand":[],"product_cat":[33,31,117],"product_tag":[],"class_list":{"0":"post-7319","1":"product","2":"type-product","3":"status-publish","4":"has-post-thumbnail","6":"product_cat-andere-hersteller","7":"product_cat-samsung","8":"product_cat-samsung-s20","10":"first","11":"instock","12":"taxable","13":"shipping-taxable","14":"purchasable","15":"product-type-simple"},"_links":{"self":[{"href":"https:\/\/coversmart.a1professionals.net\/es\/wp-json\/wp\/v2\/product\/7319","targetHints":{"allow":["GET"]}}],"collection":[{"href":"https:\/\/coversmart.a1professionals.net\/es\/wp-json\/wp\/v2\/product"}],"about":[{"href":"https:\/\/coversmart.a1professionals.net\/es\/wp-json\/wp\/v2\/types\/product"}],"wp:featuredmedia":[{"embeddable":true,"href":"https:\/\/coversmart.a1professionals.net\/es\/wp-json\/wp\/v2\/media\/7320"}],"wp:attachment":[{"href":"https:\/\/coversmart.a1professionals.net\/es\/wp-json\/wp\/v2\/media?parent=7319"}],"wp:term":[{"taxonomy":"product_brand","embeddable":true,"href":"https:\/\/coversmart.a1professionals.net\/es\/wp-json\/wp\/v2\/product_brand?post=7319"},{"taxonomy":"product_cat","embeddable":true,"href":"https:\/\/coversmart.a1professionals.net\/es\/wp-json\/wp\/v2\/product_cat?post=7319"},{"taxonomy":"product_tag","embeddable":true,"href":"https:\/\/coversmart.a1professionals.net\/es\/wp-json\/wp\/v2\/product_tag?post=7319"}],"curies":[{"name":"wp","href":"https:\/\/api.w.org\/{rel}","templated":true}]}}