{"id":7589,"date":"2020-04-09T12:32:08","date_gmt":"2020-04-09T10:32:08","guid":{"rendered":"https:\/\/coversmart.a1professionals.net\/?post_type=product&#038;p=7589"},"modified":"2025-05-09T18:59:59","modified_gmt":"2025-05-09T16:59:59","slug":"iphone-xs-max-magnetische-huelle-cover","status":"publish","type":"product","link":"https:\/\/coversmart.a1professionals.net\/es\/producto\/iphone-xs-max-magnetische-huelle-cover\/","title":{"rendered":"iPhone XS MAX Magnetische H\u00fclle Cover"},"content":{"rendered":"<p>LIEFERUNG INNERHALB VON 1-2 TAGEN \/ KAUF AUF RECHNUNG<\/p>\n<p>Unsere Qualit\u00e4tsversprechen und Leistungen<\/p>\n<p>F\u00fcr alle Eink\u00e4ufe in unserem Gesch\u00e4ft gilt ein 30-t\u00e4giges R\u00fcckgaberecht, unser G\u00fctesiegel f\u00fcr Qualit\u00e4t und Sicherheit. Wir sind immer bem\u00fcht, einen Schritt weiter zu gehen, um Ihre Bed\u00fcrfnisse zu befriedigen.<\/p>\n<p>Bei coversmart ist es unser Ziel, unseren Kunden Qualit\u00e4tsprodukte zu fairen Preisen anzubieten. Wir streben nicht nur faire Preise f\u00fcr unsere Kunden an, sondern bieten unseren Kunden auch ein rund um die Uhr Kundenservice, 24 Stunden \/ 7 Tage in der Woche. \u2013 coversmart Dein Partner f\u00fcr Elektronik &amp; Smartphone Zubeh\u00f6r.<\/p>\n<p>\"Versendet per A-Post + Tracking\"<\/p>\n<p>[ux_banner height=\"200px\"]<\/p>\n<p>[text_box position_x=\"50\" position_y=\"50\"]<\/p>\n<h3 class=\"uppercase\">Fast Shipping Across Switzerland<\/h3>\n<p><a class=\"cta-button\" href=\"#\">Shop Now<\/a><\/p>\n<p>[\/text_box]<\/p>\n<p>[\/ux_banner]<\/p>","protected":false},"excerpt":{"rendered":"<h2 class=\"subtitle--1gW5X\">LIEFERUNG INNERHALB VON 1-2 TAGEN \/ KAUF AUF RECHNUNG<\/h2>\n<div class=\"userDescription--GDETe\">\n<article>\n<ul>\n<li>iPhone XS MAX Magnetische H\u00fclle Cover<\/li>\n<li>Hervorragend verarbeitet<\/li>\n<li>Speziell f\u00fcr iPhone designed<\/li>\n<li>Sch\u00fctzt die gesamte R\u00fcckseite<\/li>\n<li>Liegt optimal in der Hand<\/li>\n<li>Ideal f\u00fcr Kfz-Halterungen oder andere magnetische Ger\u00e4te<\/li>\n<li>Eingebauter starker Magnet auf der R\u00fcckseite<\/li>\n<\/ul>\n<p>Der optimale Schutz f\u00fcr Dein iPhone wird schon bei der Wahl der H\u00fclle getroffen - Unser iPhone H\u00fclle liegt nicht nur perfekt in der Hand, sondern ist auch ideal auf die Lautst\u00e4rketasten, die Standbytaste und auf die Form vom iPhone abgestimmt. Mache Dein iPhone vollkommen und kombiniere dieses passgenaue TPU\/Silicone H\u00fclle mit Deinem Smartphone. Du kannst die Kamera, den USB-Anschluss, sowie die Tasten auch in der H\u00fclle bedienen.<\/p>\n<p>Farbe: Schwarz<br \/>\nModell: 51992382<br \/>\nMaterialien: Magnet, TPU \/ Silikon, Ultafaser<br \/>\nACHTUNG: Nur passend f\u00fcr iPhone<\/p>\n<\/article>\n<\/div>","protected":false},"featured_media":7590,"template":"","meta":[],"product_brand":[],"product_cat":[33,21,17,16],"product_tag":[],"class_list":{"0":"post-7589","1":"product","2":"type-product","3":"status-publish","4":"has-post-thumbnail","6":"product_cat-andere-hersteller","7":"product_cat-iphone-xs-max","8":"product_cat-iphone","9":"product_cat-apple-phone-cases-covers","11":"first","12":"instock","13":"taxable","14":"shipping-taxable","15":"purchasable","16":"product-type-simple"},"_links":{"self":[{"href":"https:\/\/coversmart.a1professionals.net\/es\/wp-json\/wp\/v2\/product\/7589","targetHints":{"allow":["GET"]}}],"collection":[{"href":"https:\/\/coversmart.a1professionals.net\/es\/wp-json\/wp\/v2\/product"}],"about":[{"href":"https:\/\/coversmart.a1professionals.net\/es\/wp-json\/wp\/v2\/types\/product"}],"wp:featuredmedia":[{"embeddable":true,"href":"https:\/\/coversmart.a1professionals.net\/es\/wp-json\/wp\/v2\/media\/7590"}],"wp:attachment":[{"href":"https:\/\/coversmart.a1professionals.net\/es\/wp-json\/wp\/v2\/media?parent=7589"}],"wp:term":[{"taxonomy":"product_brand","embeddable":true,"href":"https:\/\/coversmart.a1professionals.net\/es\/wp-json\/wp\/v2\/product_brand?post=7589"},{"taxonomy":"product_cat","embeddable":true,"href":"https:\/\/coversmart.a1professionals.net\/es\/wp-json\/wp\/v2\/product_cat?post=7589"},{"taxonomy":"product_tag","embeddable":true,"href":"https:\/\/coversmart.a1professionals.net\/es\/wp-json\/wp\/v2\/product_tag?post=7589"}],"curies":[{"name":"wp","href":"https:\/\/api.w.org\/{rel}","templated":true}]}}