{"id":7901,"date":"2020-04-10T10:40:58","date_gmt":"2020-04-10T08:40:58","guid":{"rendered":"https:\/\/coversmart.a1professionals.net\/?post_type=product&#038;p=7901"},"modified":"2025-05-09T19:00:17","modified_gmt":"2025-05-09T17:00:17","slug":"extra-bass-kopfhoerer-inkl-mikrofon","status":"publish","type":"product","link":"https:\/\/coversmart.a1professionals.net\/es\/producto\/extra-bass-kopfhoerer-inkl-mikrofon\/","title":{"rendered":"EXTRA BASS Kopfh\u00f6rer inkl. Mikrofon"},"content":{"rendered":"<p>EXTRA BASS Kopfh\u00f6rer inkl. Mikrofon<\/p>\n<p>Eigenschaften:<br \/>\nQualit\u00e4tsoptimierung der exklusiven patentierten Vibrationsmembran aus Metallverbundwerkstoffen.<br \/>\nDas ergonomische Design, Silikon-Nippelgeh\u00f6rsch\u00fctzer.<br \/>\nOhr- und Endrohranschluss in Schr\u00e4gwinkelausf\u00fchrung, komfortabel und leicht zu tragen.<br \/>\nEs hat eine hohe Klangqualit\u00e4t, genie\u00dfen Sie Ihr Leben.<br \/>\nEin perfektes Geschenk f\u00fcr sich selbst oder einen Freund.<\/p>\n<p>Kompatibel :<br \/>\nF\u00fcr alle Smartphones \/ iPads \/ Audioeingabestationen<\/p>\n<p>\"Versendet per A-Post + Tracking\"<\/p>\n<p>[ux_banner height=\"200px\"]<\/p>\n<p>[text_box position_x=\"50\" position_y=\"50\"]<\/p>\n<h3 class=\"uppercase\">Fast Shipping Across Switzerland<\/h3>\n<p><a class=\"cta-button\" href=\"#\">Shop Now<\/a><\/p>\n<p>[\/text_box]<\/p>\n<p>[\/ux_banner]<\/p>","protected":false},"excerpt":{"rendered":"<p>Spezifikation<br \/>\nTyp: In-Ear<br \/>\nImpedanz: 16\u03a9<br \/>\nEmpfindlichkeit: 98 dB \u00b1 3 dB<br \/>\nFrequenzbereich: 20-20000Hz<br \/>\nSoundeffekt: Super Bass Stereo Sound<br \/>\nAnschluss: 3,5 mm Stereo-Stecker<br \/>\nTreiberdurchmesser: 10m<br \/>\nMikrofon: ja<br \/>\nKabell\u00e4nge: Ca. 1.1<\/p>\n<p>Paket inhalt<\/p>\n<p>1 x Kopfh\u00f6rer<br \/>\n1 x Kopfh\u00f6rer H\u00fclle und Zubeh\u00f6r<\/p>","protected":false},"featured_media":7902,"template":"","meta":[],"product_brand":[],"product_cat":[33,105,34],"product_tag":[],"class_list":{"0":"post-7901","1":"product","2":"type-product","3":"status-publish","4":"has-post-thumbnail","6":"product_cat-andere-hersteller","7":"product_cat-audio","8":"product_cat-elektronik-zubehoer","10":"first","11":"instock","12":"taxable","13":"shipping-taxable","14":"purchasable","15":"product-type-simple"},"_links":{"self":[{"href":"https:\/\/coversmart.a1professionals.net\/es\/wp-json\/wp\/v2\/product\/7901","targetHints":{"allow":["GET"]}}],"collection":[{"href":"https:\/\/coversmart.a1professionals.net\/es\/wp-json\/wp\/v2\/product"}],"about":[{"href":"https:\/\/coversmart.a1professionals.net\/es\/wp-json\/wp\/v2\/types\/product"}],"wp:featuredmedia":[{"embeddable":true,"href":"https:\/\/coversmart.a1professionals.net\/es\/wp-json\/wp\/v2\/media\/7902"}],"wp:attachment":[{"href":"https:\/\/coversmart.a1professionals.net\/es\/wp-json\/wp\/v2\/media?parent=7901"}],"wp:term":[{"taxonomy":"product_brand","embeddable":true,"href":"https:\/\/coversmart.a1professionals.net\/es\/wp-json\/wp\/v2\/product_brand?post=7901"},{"taxonomy":"product_cat","embeddable":true,"href":"https:\/\/coversmart.a1professionals.net\/es\/wp-json\/wp\/v2\/product_cat?post=7901"},{"taxonomy":"product_tag","embeddable":true,"href":"https:\/\/coversmart.a1professionals.net\/es\/wp-json\/wp\/v2\/product_tag?post=7901"}],"curies":[{"name":"wp","href":"https:\/\/api.w.org\/{rel}","templated":true}]}}