{"id":7957,"date":"2020-04-10T11:37:16","date_gmt":"2020-04-10T09:37:16","guid":{"rendered":"https:\/\/coversmart.a1professionals.net\/?post_type=product&#038;p=7957"},"modified":"2025-05-09T19:00:20","modified_gmt":"2025-05-09T17:00:20","slug":"samsung-s10-panzer-glas-schutzfolie","status":"publish","type":"product","link":"https:\/\/coversmart.a1professionals.net\/es\/producto\/samsung-s10-panzer-glas-schutzfolie\/","title":{"rendered":"Samsung S10 Panzer Glas Schutzfolie"},"content":{"rendered":"<p>Der Premium Case Friendly Displayschutz von NuGlas ist perfekt auf Dein Sasmung mit abgerundetem Display abgestimmt, ultraklar, kratzfest und mit Anti-Fingerabdruck-Beschichtung. Die abgerundeten Kanten sorgen f\u00fcr eine ausgesprochen angenehme Handhabung, die einfache Montage ohne Blasenbildung f\u00fcr einen ebenso schnellen wie starken Schutz f\u00fcr das Samsung.<\/p>\n<p>Das Display-Schutzglas wird in einem aufw\u00e4ndigen Verfahren hergestellt, mit Industriediamanten geschliffen, gereinigt, poliert und mehrfach auf einwandfreie Qualit\u00e4t kontrolliert. Das Ergebnis ist ein extrem hartes Display-Schutzglas h\u00f6chster Qualit\u00e4t, das die neunfache H\u00e4rte handels\u00fcblichen Glases hat. Dabei ist es ausgesprochen einfach anzubringen - die Haftschicht besteht aus Silikon, das sich so mit dem Smartphone-Display verbindet, dass keine Luftblasen entstehen.<\/p>\n<p>LIEFERUNG INNERHALB 1-2 WERKTAGE \/ KAUF AUF RECHNUNG<\/p>\n<p>Bitte geben sie bescheid wenn sie wollen per rechnung bezahlen<\/p>\n<p>Unsere Qualit\u00e4tsversprechen und Leistungen<\/p>\n<p>F\u00fcr alle Eink\u00e4ufe in unserem Gesch\u00e4ft gilt ein 30-t\u00e4giges R\u00fcckgaberecht, unser G\u00fctesiegel f\u00fcr Qualit\u00e4t und Sicherheit. Wir sind immer bem\u00fcht, einen Schritt weiter zu gehen, um Ihre Bed\u00fcrfnisse zu befriedigen.<\/p>\n<p>\"Versendet per A-Post + Tracking\"<\/p>\n<p>[ux_banner height=\"200px\"]<\/p>\n<p>[text_box position_x=\"50\" position_y=\"50\"]<\/p>\n<h3 class=\"uppercase\">Fast Shipping Across Switzerland<\/h3>\n<p><a class=\"cta-button\" href=\"#\">Shop Now<\/a><\/p>\n<p>[\/text_box]<\/p>\n<p>[\/ux_banner]<\/p>","protected":false},"excerpt":{"rendered":"<p>LIEFERUNG INNERHALB 1-2 WERKTAGE \/ KAUF AUF RECHNUNG<br \/>\nSamsung S10 Panzer Glas Schutzfolie<br \/>\nHergestellt aus Japanischem Asahi Glas<br \/>\n9H H\u00e4rte Glas, f\u00fcr eine lange Lebensdauer gebaut<br \/>\n100% passgenaue Schutzfolien (Pr\u00e4zisionslaser-Zuschnitt)<br \/>\nSchlag- und Aufprallschutz<br \/>\nBeste Transparenz dank Ultra HD Qualit\u00e4t<br \/>\nKommt mit kostenlosen Wipes<br \/>\nMarke: NuGlas<br \/>\nCompatible mit Fingerprint Sensor<br \/>\nMaterial: Ashai Glas<\/p>","protected":false},"featured_media":7958,"template":"","meta":[],"product_brand":[],"product_cat":[33,39,35,31],"product_tag":[],"class_list":{"0":"post-7957","1":"product","2":"type-product","3":"status-publish","4":"has-post-thumbnail","6":"product_cat-andere-hersteller","7":"product_cat-galaxy-s10","8":"product_cat-galaxy-smartphones","9":"product_cat-samsung","11":"first","12":"instock","13":"taxable","14":"shipping-taxable","15":"purchasable","16":"product-type-simple"},"_links":{"self":[{"href":"https:\/\/coversmart.a1professionals.net\/es\/wp-json\/wp\/v2\/product\/7957","targetHints":{"allow":["GET"]}}],"collection":[{"href":"https:\/\/coversmart.a1professionals.net\/es\/wp-json\/wp\/v2\/product"}],"about":[{"href":"https:\/\/coversmart.a1professionals.net\/es\/wp-json\/wp\/v2\/types\/product"}],"wp:featuredmedia":[{"embeddable":true,"href":"https:\/\/coversmart.a1professionals.net\/es\/wp-json\/wp\/v2\/media\/7958"}],"wp:attachment":[{"href":"https:\/\/coversmart.a1professionals.net\/es\/wp-json\/wp\/v2\/media?parent=7957"}],"wp:term":[{"taxonomy":"product_brand","embeddable":true,"href":"https:\/\/coversmart.a1professionals.net\/es\/wp-json\/wp\/v2\/product_brand?post=7957"},{"taxonomy":"product_cat","embeddable":true,"href":"https:\/\/coversmart.a1professionals.net\/es\/wp-json\/wp\/v2\/product_cat?post=7957"},{"taxonomy":"product_tag","embeddable":true,"href":"https:\/\/coversmart.a1professionals.net\/es\/wp-json\/wp\/v2\/product_tag?post=7957"}],"curies":[{"name":"wp","href":"https:\/\/api.w.org\/{rel}","templated":true}]}}