{"id":9102,"date":"2020-05-01T19:04:15","date_gmt":"2020-05-01T17:04:15","guid":{"rendered":"https:\/\/coversmart.a1professionals.net\/?post_type=product&#038;p=9102"},"modified":"2025-05-09T19:00:38","modified_gmt":"2025-05-09T17:00:38","slug":"huawei-typ-c-2m-usb-ladekabel","status":"publish","type":"product","link":"https:\/\/coversmart.a1professionals.net\/es\/producto\/huawei-typ-c-2m-usb-ladekabel\/","title":{"rendered":"Huawei Typ C 2M USB Ladekabel"},"content":{"rendered":"<p>Unsere Qualit\u00e4tsversprechen und Leistungen<\/p>\n<p>F\u00fcr alle Eink\u00e4ufe in unserem Gesch\u00e4ft gilt ein 30-t\u00e4giges R\u00fcckgaberecht, unser G\u00fctesiegel f\u00fcr Qualit\u00e4t und Sicherheit. Wir sind immer bem\u00fcht, einen Schritt weiter zu gehen, um Ihre Bed\u00fcrfnisse zu befriedigen.<\/p>\n<p>\"Versendet per A-Post + Tracking\"<\/p>\n<p>[ux_banner height=\"200px\"]<\/p>\n<p>[text_box position_x=\"50\" position_y=\"50\"]<\/p>\n<h3 class=\"uppercase\">Fast Shipping Across Switzerland<\/h3>\n<p><a class=\"cta-button\" href=\"#\">Shop Now<\/a><\/p>\n<p>[\/text_box]<\/p>\n<p>[\/ux_banner]<\/p>","protected":false},"excerpt":{"rendered":"<h2 class=\"jss174 subtitle--kM56X\">LIEFERUNG INNERHALB 1-2 WERKTAGE \/ KAUF AUF RECHNUNG<\/h2>\n<div class=\"userDescription--1-bzj\">\n<article>Huawei Typ C 2M USB LadekabelLIEFERUNG INNERHALB 1-2 WERKTAGE \/ KAUF AUF RECHNUNGBen\u00f6tigen Sie ein neues C-Typ-USB-Datenkabel, dann ist dieses offizielle Huawei USB Kabel ein idealer Ersatz.<\/p>\n<ul>\n<li>Kompatibel mit: alle Marken und Modelle mit Typ C USB<\/li>\n<li>Was ist enthalten: 1 x F\u00fcr Huawei - Official Type C - 2M USB Data Cable<\/li>\n<li>Farbe: Wei\u00df<\/li>\n<\/ul>\n<\/article>\n<\/div>","protected":false},"featured_media":9103,"template":"","meta":[],"product_brand":[],"product_cat":[34,104,101,114],"product_tag":[],"class_list":{"0":"post-9102","1":"product","2":"type-product","3":"status-publish","4":"has-post-thumbnail","6":"product_cat-elektronik-zubehoer","7":"product_cat-kabel-und-adapter","8":"product_cat-ladegeraete","9":"product_cat-unkategorisiert","10":"product_shipping_class-normal","12":"first","13":"instock","14":"downloadable","15":"virtual","16":"purchasable","17":"product-type-simple"},"_links":{"self":[{"href":"https:\/\/coversmart.a1professionals.net\/es\/wp-json\/wp\/v2\/product\/9102","targetHints":{"allow":["GET"]}}],"collection":[{"href":"https:\/\/coversmart.a1professionals.net\/es\/wp-json\/wp\/v2\/product"}],"about":[{"href":"https:\/\/coversmart.a1professionals.net\/es\/wp-json\/wp\/v2\/types\/product"}],"wp:featuredmedia":[{"embeddable":true,"href":"https:\/\/coversmart.a1professionals.net\/es\/wp-json\/wp\/v2\/media\/9103"}],"wp:attachment":[{"href":"https:\/\/coversmart.a1professionals.net\/es\/wp-json\/wp\/v2\/media?parent=9102"}],"wp:term":[{"taxonomy":"product_brand","embeddable":true,"href":"https:\/\/coversmart.a1professionals.net\/es\/wp-json\/wp\/v2\/product_brand?post=9102"},{"taxonomy":"product_cat","embeddable":true,"href":"https:\/\/coversmart.a1professionals.net\/es\/wp-json\/wp\/v2\/product_cat?post=9102"},{"taxonomy":"product_tag","embeddable":true,"href":"https:\/\/coversmart.a1professionals.net\/es\/wp-json\/wp\/v2\/product_tag?post=9102"}],"curies":[{"name":"wp","href":"https:\/\/api.w.org\/{rel}","templated":true}]}}