{"id":3501,"date":"2019-12-05T15:34:39","date_gmt":"2019-12-05T14:34:39","guid":{"rendered":"https:\/\/coversmart.a1professionals.net\/?post_type=product&#038;p=3501"},"modified":"2025-08-06T16:45:21","modified_gmt":"2025-08-06T14:45:21","slug":"coque-iphone-11-durcie","status":"publish","type":"product","link":"https:\/\/coversmart.a1professionals.net\/fr\/produit\/coque-iphone-11-durcie\/","title":{"rendered":"iPhone 11 Rugged Cover Cover"},"content":{"rendered":"<p>* Garantie : nous offrons \u00e0 tous nos clients un droit de retour de 30 jours. Les frais de retour sont \u00e0 la charge de l'acheteur et doivent \u00eatre retourn\u00e9s intacts, emball\u00e9s et dans leur \u00e9tat d'origine.<\/p>\n<p>* Si vous achetez plusieurs articles, vous ne payez les frais de port qu'une seule fois, cela est calcul\u00e9 en fonction du poids total et des dimensions. Cette offre n'est valable que pour les transactions effectu\u00e9es le m\u00eame jour.<\/p>\n<p>* Les frais de port comprennent les frais de livraison,l'emballage, le stockage et la distribution, l'\u00e9limination des d\u00e9chets, les frais de courrier pour la livraison.<\/p>\n<p>* Afin de pouvoir continuer \u00e0 vous offrir des produits de bonne qualit\u00e9 \u00e0 un prix avantageux, nous d\u00e9pendons de votre \u00e9valuation positive. En cas de probl\u00e8me avec l'article livr\u00e9, vous pouvez nous contacter \u00e0 tout moment par e-mail afin que nous puissions r\u00e9soudre le probl\u00e8me le plus rapidement possible.<\/p>\n<p>* Il se peut que les photos de l'article correspondent \u00e0 un autre smartphone \/ tablette. Vous recevrez l'article illustr\u00e9 avec les d\u00e9coupes n\u00e9cessaires pour le smartphone \/ la tablette d\u00e9crit(e) dans le titre.<\/p>\n<p>* Si le client demande l'annulation d'un achat, il doit prendre en charge les frais de traitement. (1 Fr. par transaction)<\/p>\n<p>* Nous ne sommes pas responsables des dommages caus\u00e9s par l'utilisation d'un article achet\u00e9.<\/p>\n<p>* 100% des articles propos\u00e9s sont en stock chez nous et seront livr\u00e9s le jour m\u00eame, si l'argent est sur le compte. Veuillez nous contacter si vous ne recevez pas votre marchandise dans les 5 jours ouvrables.<\/p>\n<p>* Le ramassage n'est pas possible.<\/p>\n<p>* Pour les versements au guichet de la poste avec le bulletin de versement, ajouter 2 CHF de frais postaux au montant final (valeur de la marchandise + frais de port).<\/p>\n<p>* La marchandise ne sera envoy\u00e9e que lorsque le montant final (valeur de la marchandise + frais de port + frais \u00e9ventuels, p. ex. frais de bulletin de versement) sera visible sur le compte.<\/p>\n<p>* En cas de questions, de probl\u00e8mes ou d'incertitudes, vous pouvez nous contacter par e-mail. Vous recevrez une r\u00e9ponse dans les 24 heures.<\/p>\n<p>Par votre achat \/ offre, vous acceptez les conditions g\u00e9n\u00e9rales de vente mentionn\u00e9es ci-dessus.<\/p>\n<p>\"Envoy\u00e9 par courrier A + suivi\"<\/p>\n<p>[ux_banner height=\"200px\"]<\/p>\n<p>[text_box position_x=\"50\" position_y=\"50\"]<\/p>\n<h3 class=\"uppercase\">Fast Shipping Across Switzerland (transport rapide \u00e0 travers la Suisse)<\/h3>\n<p><a class=\"cta-button\" href=\"#\">Boutique maintenant<\/a><\/p>\n<p>[\/texte_box]<\/p>\n<p>[\/ux_banner]<\/p>\n<p>&nbsp;<\/p>","protected":false},"excerpt":{"rendered":"<ul>\n<li>iPhone 11 Hybrid Shockproof Cover Cover<\/li>\n<li>protection contre l'humidit\u00e9 + la poussi\u00e8re + la salet\u00e9<\/li>\n<li>Amortit les chocs<\/li>\n<li>Tous les ports + boutons restent utilisables<\/li>\n<li>Mat\u00e9riau r\u00e9sistant (TPU\/PC caoutchouc)<\/li>\n<li>parties lat\u00e9rales antid\u00e9rapantes pour une meilleure haptique<\/li>\n<\/ul>\n<p>Avec notre \u00e9tui de premi\u00e8re qualit\u00e9, tu prot\u00e8ges l'ensemble du dos et des bords de ton iPhone des rayures, de la salet\u00e9, de la crasse et des autres dommages caus\u00e9s par le quotidien.<\/p>\n<p>La surface renforc\u00e9e sur les c\u00f4t\u00e9s conf\u00e8re \u00e0 ton iPhone une meilleure prise en main, ce qui le rend particuli\u00e8rement agr\u00e9able \u00e0 tenir. Tous les \u00e9l\u00e9ments de commande, les boutons et la cam\u00e9ra sont librement accessibles et peuvent toujours \u00eatre utilis\u00e9s dans leur int\u00e9gralit\u00e9.<\/p>\n<p>Couleur : Noir \/ Transparent<br \/>\nMat\u00e9riel : TPU \/ Silicone \/ PC<\/p>","protected":false},"featured_media":3502,"template":"","meta":[],"product_brand":[],"product_cat":[33,20,17,16],"product_tag":[],"class_list":{"0":"post-3501","1":"product","2":"type-product","3":"status-publish","4":"has-post-thumbnail","6":"product_cat-andere-hersteller","7":"product_cat-iphone-11","8":"product_cat-iphone","9":"product_cat-apple-phone-cases-covers","11":"first","12":"instock","13":"taxable","14":"shipping-taxable","15":"purchasable","16":"product-type-simple"},"_links":{"self":[{"href":"https:\/\/coversmart.a1professionals.net\/fr\/wp-json\/wp\/v2\/product\/3501","targetHints":{"allow":["GET"]}}],"collection":[{"href":"https:\/\/coversmart.a1professionals.net\/fr\/wp-json\/wp\/v2\/product"}],"about":[{"href":"https:\/\/coversmart.a1professionals.net\/fr\/wp-json\/wp\/v2\/types\/product"}],"wp:featuredmedia":[{"embeddable":true,"href":"https:\/\/coversmart.a1professionals.net\/fr\/wp-json\/wp\/v2\/media\/3502"}],"wp:attachment":[{"href":"https:\/\/coversmart.a1professionals.net\/fr\/wp-json\/wp\/v2\/media?parent=3501"}],"wp:term":[{"taxonomy":"product_brand","embeddable":true,"href":"https:\/\/coversmart.a1professionals.net\/fr\/wp-json\/wp\/v2\/product_brand?post=3501"},{"taxonomy":"product_cat","embeddable":true,"href":"https:\/\/coversmart.a1professionals.net\/fr\/wp-json\/wp\/v2\/product_cat?post=3501"},{"taxonomy":"product_tag","embeddable":true,"href":"https:\/\/coversmart.a1professionals.net\/fr\/wp-json\/wp\/v2\/product_tag?post=3501"}],"curies":[{"name":"wp","href":"https:\/\/api.w.org\/{rel}","templated":true}]}}