{"id":7108,"date":"2020-04-08T12:17:46","date_gmt":"2020-04-08T10:17:46","guid":{"rendered":"https:\/\/coversmart.a1professionals.net\/?post_type=product&#038;p=7108"},"modified":"2025-05-09T18:59:31","modified_gmt":"2025-05-09T16:59:31","slug":"samsung-note-10-schutzfolie","status":"publish","type":"product","link":"https:\/\/coversmart.a1professionals.net\/fr\/produit\/samsung-note-10-schutzfolie\/","title":{"rendered":"Samsung Note 10 Schutzfolie"},"content":{"rendered":"<p><strong>Lieferung innerhalb 1-2 Tage<\/strong><\/p>\n<p>Der Premium Case Friendly Displayschutz von NuGlas ist perfekt auf Dein Sasmung mit abgerundetem Display abgestimmt, ultraklar, kratzfest und mit Anti-Fingerabdruck-Beschichtung. Die abgerundeten Kanten sorgen f\u00fcr eine ausgesprochen angenehme Handhabung, die einfache Montage ohne Blasenbildung f\u00fcr einen ebenso schnellen wie starken Schutz f\u00fcr das Samsung.<\/p>\n<p>Das Display-Schutzglas wird in einem aufw\u00e4ndigen Verfahren hergestellt, mit Industriediamanten geschliffen, gereinigt, poliert und mehrfach auf einwandfreie Qualit\u00e4t kontrolliert. Das Ergebnis ist ein extrem hartes Display-Schutzglas h\u00f6chster Qualit\u00e4t, das die neunfache H\u00e4rte handels\u00fcblichen Glases hat. Dabei ist es ausgesprochen einfach anzubringen - die Haftschicht besteht aus Silikon, das sich so mit dem Smartphone-Display verbindet, dass keine Luftblasen entstehen.<\/p>\n<p>* Garantie: Wir bieten allen unseren Kunden ein 30-t\u00e4giges R\u00fcckgaberecht. R\u00fccksendegeb\u00fchren gehen zu Lasten des K\u00e4ufers und m\u00fcssen unbesch\u00e4digt, verpackt und im Originalzustand zur\u00fcckgesandt werden.<\/p>\n<p>* Si vous achetez plusieurs articles, vous ne payez les frais de port qu'une seule fois, cela est calcul\u00e9 en fonction du poids total et des dimensions. Cette offre n'est valable que pour les transactions effectu\u00e9es le m\u00eame jour.<\/p>\n<p>* Les frais de port comprennent les frais de livraison,l'emballage, le stockage et la distribution, l'\u00e9limination des d\u00e9chets, les frais de courrier pour la livraison.<\/p>\n<p>* Afin de pouvoir continuer \u00e0 vous offrir des produits de bonne qualit\u00e9 \u00e0 un prix avantageux, nous d\u00e9pendons de votre \u00e9valuation positive. En cas de probl\u00e8me avec l'article livr\u00e9, vous pouvez nous contacter \u00e0 tout moment par e-mail afin que nous puissions r\u00e9soudre le probl\u00e8me le plus rapidement possible.<\/p>\n<p>* Il se peut que les photos de l'article correspondent \u00e0 un autre smartphone \/ tablette. Vous recevrez l'article illustr\u00e9 avec les d\u00e9coupes n\u00e9cessaires pour le smartphone \/ la tablette d\u00e9crit(e) dans le titre.<\/p>\n<p>* Si le client demande l'annulation d'un achat, il doit prendre en charge les frais de traitement. (1 Fr. par transaction)<\/p>\n<p>* Nous ne sommes pas responsables des dommages caus\u00e9s par l'utilisation d'un article achet\u00e9.<\/p>\n<p>* 100% des articles propos\u00e9s sont en stock chez nous et seront livr\u00e9s le jour m\u00eame, si l'argent est sur le compte. Veuillez nous contacter si vous ne recevez pas votre marchandise dans les 5 jours ouvrables.<\/p>\n<p>* Le ramassage n'est pas possible.<\/p>\n<p>* Pour les versements au guichet de la poste avec le bulletin de versement, ajouter 2 CHF de frais postaux au montant final (valeur de la marchandise + frais de port).<\/p>\n<p>* La marchandise ne sera envoy\u00e9e que lorsque le montant final (valeur de la marchandise + frais de port + frais \u00e9ventuels, p. ex. frais de bulletin de versement) sera visible sur le compte.<\/p>\n<p>* En cas de questions, de probl\u00e8mes ou d'incertitudes, vous pouvez nous contacter par e-mail. Vous recevrez une r\u00e9ponse dans les 24 heures.<\/p>\n<p>Mit Ihrem Kauf \/ Angebot akzeptieren Sie die oben aufgef\u00fchrte AGB<\/p>\n<p>\"Envoy\u00e9 par courrier A + suivi\"<\/p>\n<p>[ux_banner height=\"200px\"]<\/p>\n<p>[text_box position_x=\"50\" position_y=\"50\"]<\/p>\n<h3 class=\"uppercase\">Fast Shipping Across Switzerland (transport rapide \u00e0 travers la Suisse)<\/h3>\n<p><a class=\"cta-button\" href=\"#\">Boutique maintenant<\/a><\/p>\n<p>[\/texte_box]<\/p>\n<p>[\/ux_banner]<\/p>","protected":false},"excerpt":{"rendered":"<ul>\n<li>Samsung Note 10 Schutzfolie<\/li>\n<li>Hergestellt aus Japanischem Asahi Glas<\/li>\n<li>9H H\u00e4rte Glas, f\u00fcr eine lange Lebensdauer gebaut<\/li>\n<li>100% passgenaue Schutzfolien (Pr\u00e4zisionslaser-Zuschnitt)<\/li>\n<li>Schlag- und Aufprallschutz<\/li>\n<li>Beste Transparenz dank Ultra HD Qualit\u00e4t<\/li>\n<li>Kommt mit kostenlosen Wipes<\/li>\n<li>Marke: NuGlas<\/li>\n<li>Compatible mit Fingerprint Sensor<\/li>\n<li>Material: Ashai Glas<\/li>\n<\/ul>","protected":false},"featured_media":7109,"template":"","meta":[],"product_brand":[],"product_cat":[33,37,35,31],"product_tag":[],"class_list":{"0":"post-7108","1":"product","2":"type-product","3":"status-publish","4":"has-post-thumbnail","6":"product_cat-andere-hersteller","7":"product_cat-galaxy-note-10","8":"product_cat-galaxy-smartphones","9":"product_cat-samsung","11":"first","12":"instock","13":"taxable","14":"shipping-taxable","15":"purchasable","16":"product-type-simple"},"_links":{"self":[{"href":"https:\/\/coversmart.a1professionals.net\/fr\/wp-json\/wp\/v2\/product\/7108","targetHints":{"allow":["GET"]}}],"collection":[{"href":"https:\/\/coversmart.a1professionals.net\/fr\/wp-json\/wp\/v2\/product"}],"about":[{"href":"https:\/\/coversmart.a1professionals.net\/fr\/wp-json\/wp\/v2\/types\/product"}],"wp:featuredmedia":[{"embeddable":true,"href":"https:\/\/coversmart.a1professionals.net\/fr\/wp-json\/wp\/v2\/media\/7109"}],"wp:attachment":[{"href":"https:\/\/coversmart.a1professionals.net\/fr\/wp-json\/wp\/v2\/media?parent=7108"}],"wp:term":[{"taxonomy":"product_brand","embeddable":true,"href":"https:\/\/coversmart.a1professionals.net\/fr\/wp-json\/wp\/v2\/product_brand?post=7108"},{"taxonomy":"product_cat","embeddable":true,"href":"https:\/\/coversmart.a1professionals.net\/fr\/wp-json\/wp\/v2\/product_cat?post=7108"},{"taxonomy":"product_tag","embeddable":true,"href":"https:\/\/coversmart.a1professionals.net\/fr\/wp-json\/wp\/v2\/product_tag?post=7108"}],"curies":[{"name":"wp","href":"https:\/\/api.w.org\/{rel}","templated":true}]}}