{"id":7419,"date":"2020-04-09T04:56:50","date_gmt":"2020-04-09T02:56:50","guid":{"rendered":"https:\/\/coversmart.a1professionals.net\/?post_type=product&#038;p=7419"},"modified":"2025-05-09T18:59:48","modified_gmt":"2025-05-09T16:59:48","slug":"huawei-p30-pro-shockproof-cover-huelle","status":"publish","type":"product","link":"https:\/\/coversmart.a1professionals.net\/fr\/produit\/huawei-p30-pro-shockproof-cover-huelle\/","title":{"rendered":"Huawei P30 Pro Shockproof Cover H\u00fclle"},"content":{"rendered":"<p>LIEFERUNG INNERHALB VON 1-2 TAGEN \/ KAUF AUF RECHNUNG<\/p>\n<p>Nos promesses de qualit\u00e9 et nos prestations<\/p>\n<p>Tous les achats effectu\u00e9s dans notre magasin b\u00e9n\u00e9ficient d'un droit de retour de 30 jours, notre label de qualit\u00e9 et de s\u00e9curit\u00e9. Nous nous effor\u00e7ons toujours de faire un pas de plus pour r\u00e9pondre \u00e0 vos besoins.<\/p>\n<p>Chez coversmart, notre objectif est d'offrir \u00e0 nos clients des produits de qualit\u00e9 \u00e0 des prix \u00e9quitables. Nous ne visons pas seulement des prix \u00e9quitables pour nos clients, mais nous offrons \u00e9galement \u00e0 nos clients un service client\u00e8le 24h\/24 et 7j\/7. - coversmart Ton partenaire pour l'\u00e9lectronique et les accessoires pour smartphones.<\/p>\n<p>\"Envoy\u00e9 par courrier A + suivi\"<\/p>\n<p>[ux_banner height=\"200px\"]<\/p>\n<p>[text_box position_x=\"50\" position_y=\"50\"]<\/p>\n<h3 class=\"uppercase\">Fast Shipping Across Switzerland (transport rapide \u00e0 travers la Suisse)<\/h3>\n<p><a class=\"cta-button\" href=\"#\">Boutique maintenant<\/a><\/p>\n<p>[\/texte_box]<\/p>\n<p>[\/ux_banner]<\/p>","protected":false},"excerpt":{"rendered":"<h2 class=\"subtitle--1gW5X\">LIEFERUNG INNERHALB VON 1-2 TAGEN \/ KAUF AUF RECHNUNG<\/h2>\n<div class=\"userDescription--GDETe\">\n<article>\n<ul>\n<li>Huawei P30 Shockproof Cover H\u00fclle<\/li>\n<li>Hervorragend verarbeitet<\/li>\n<li>Speziell f\u00fcr Huawei designed<\/li>\n<li>Sch\u00fctzt die gesamte R\u00fcckseite<\/li>\n<li>Liegt optimal in der Hand<\/li>\n<li>Shockproof<\/li>\n<\/ul>\n<p>Der optimale Schutz f\u00fcr Dein Huawei wird schon bei der Wahl der H\u00fclle getroffen - Unser Huawei Shockproof Case liegt nicht nur perfekt in der Hand, sondern ist auch ideal auf die Lautst\u00e4rketasten. Mache Dein Huawei vollkommen und kombiniere dieses passgenaue Shockproof mit Deinem Smartphone. Du kannst die Kamera, den USB-Anschluss, sowie die Tasten auch in der H\u00fclle bedienen.<\/p>\n<p>Couleur : Transparent<br \/>\nModell: 51992382<br \/>\nMaterial: Silikon\/TPU<\/p>\n<\/article>\n<\/div>","protected":false},"featured_media":7420,"template":"","meta":[],"product_brand":[],"product_cat":[33,32,49,48],"product_tag":[],"class_list":{"0":"post-7419","1":"product","2":"type-product","3":"status-publish","4":"has-post-thumbnail","6":"product_cat-andere-hersteller","7":"product_cat-huawei","8":"product_cat-huawei-p30-pro","9":"product_cat-huawei-smartphones","11":"first","12":"instock","13":"taxable","14":"shipping-taxable","15":"purchasable","16":"product-type-simple"},"_links":{"self":[{"href":"https:\/\/coversmart.a1professionals.net\/fr\/wp-json\/wp\/v2\/product\/7419","targetHints":{"allow":["GET"]}}],"collection":[{"href":"https:\/\/coversmart.a1professionals.net\/fr\/wp-json\/wp\/v2\/product"}],"about":[{"href":"https:\/\/coversmart.a1professionals.net\/fr\/wp-json\/wp\/v2\/types\/product"}],"wp:featuredmedia":[{"embeddable":true,"href":"https:\/\/coversmart.a1professionals.net\/fr\/wp-json\/wp\/v2\/media\/7420"}],"wp:attachment":[{"href":"https:\/\/coversmart.a1professionals.net\/fr\/wp-json\/wp\/v2\/media?parent=7419"}],"wp:term":[{"taxonomy":"product_brand","embeddable":true,"href":"https:\/\/coversmart.a1professionals.net\/fr\/wp-json\/wp\/v2\/product_brand?post=7419"},{"taxonomy":"product_cat","embeddable":true,"href":"https:\/\/coversmart.a1professionals.net\/fr\/wp-json\/wp\/v2\/product_cat?post=7419"},{"taxonomy":"product_tag","embeddable":true,"href":"https:\/\/coversmart.a1professionals.net\/fr\/wp-json\/wp\/v2\/product_tag?post=7419"}],"curies":[{"name":"wp","href":"https:\/\/api.w.org\/{rel}","templated":true}]}}