{"id":7684,"date":"2020-04-09T15:46:03","date_gmt":"2020-04-09T13:46:03","guid":{"rendered":"https:\/\/coversmart.a1professionals.net\/?post_type=product&#038;p=7684"},"modified":"2025-05-09T19:00:04","modified_gmt":"2025-05-09T17:00:04","slug":"samsung-galaxy-s8-kamera-panzer-glas","status":"publish","type":"product","link":"https:\/\/coversmart.a1professionals.net\/fr\/produit\/samsung-galaxy-s8-kamera-panzer-glas\/","title":{"rendered":"Samsung Galaxy S8 Kamera Panzer Glas"},"content":{"rendered":"<p>* Garantie: Wir bieten allen unseren Kunden ein 30-t\u00e4giges R\u00fcckgaberecht. R\u00fccksendegeb\u00fchren gehen zu Lasten des K\u00e4ufers und m\u00fcssen unbesch\u00e4digt, verpackt und im Originalzustand zur\u00fcckgesandt werden.<\/p>\n<p>* Si vous achetez plusieurs articles, vous ne payez les frais de port qu'une seule fois, cela est calcul\u00e9 en fonction du poids total et des dimensions. Cette offre n'est valable que pour les transactions effectu\u00e9es le m\u00eame jour.<\/p>\n<p>* Les frais de port comprennent les frais de livraison,l'emballage, le stockage et la distribution, l'\u00e9limination des d\u00e9chets, les frais de courrier pour la livraison.<\/p>\n<p>* Afin de pouvoir continuer \u00e0 vous offrir des produits de bonne qualit\u00e9 \u00e0 un prix avantageux, nous d\u00e9pendons de votre \u00e9valuation positive. En cas de probl\u00e8me avec l'article livr\u00e9, vous pouvez nous contacter \u00e0 tout moment par e-mail afin que nous puissions r\u00e9soudre le probl\u00e8me le plus rapidement possible.<\/p>\n<p>* Il se peut que les photos de l'article correspondent \u00e0 un autre smartphone \/ tablette. Vous recevrez l'article illustr\u00e9 avec les d\u00e9coupes n\u00e9cessaires pour le smartphone \/ la tablette d\u00e9crit(e) dans le titre.<\/p>\n<p>* Si le client demande l'annulation d'un achat, il doit prendre en charge les frais de traitement. (1 Fr. par transaction)<\/p>\n<p>* Nous ne sommes pas responsables des dommages caus\u00e9s par l'utilisation d'un article achet\u00e9.<\/p>\n<p>* 100% des articles propos\u00e9s sont en stock chez nous et seront livr\u00e9s le jour m\u00eame, si l'argent est sur le compte. Veuillez nous contacter si vous ne recevez pas votre marchandise dans les 5 jours ouvrables.<\/p>\n<p>* Le ramassage n'est pas possible.<\/p>\n<p>* Pour les versements au guichet de la poste avec le bulletin de versement, ajouter 2 CHF de frais postaux au montant final (valeur de la marchandise + frais de port).<\/p>\n<p>* La marchandise ne sera envoy\u00e9e que lorsque le montant final (valeur de la marchandise + frais de port + frais \u00e9ventuels, p. ex. frais de bulletin de versement) sera visible sur le compte.<\/p>\n<p>* En cas de questions, de probl\u00e8mes ou d'incertitudes, vous pouvez nous contacter par e-mail. Vous recevrez une r\u00e9ponse dans les 24 heures.<\/p>\n<p>Par votre achat \/ offre, vous acceptez les conditions g\u00e9n\u00e9rales de vente mentionn\u00e9es ci-dessus.<\/p>\n<p>\"Envoy\u00e9 par courrier A + suivi\"<\/p>\n<p>[ux_banner height=\"200px\"]<\/p>\n<p>[text_box position_x=\"50\" position_y=\"50\"]<\/p>\n<h3 class=\"uppercase\">Fast Shipping Across Switzerland (transport rapide \u00e0 travers la Suisse)<\/h3>\n<p><a class=\"cta-button\" href=\"#\">Boutique maintenant<\/a><\/p>\n<p>[\/texte_box]<\/p>\n<p>[\/ux_banner]<\/p>","protected":false},"excerpt":{"rendered":"<ul>\n<li>Samsung Galaxy S8 Kamera Panzer Glas<\/li>\n<li>100% passgenaue Panzer Glas (Pr\u00e4zisionslaser-Zuschnitt)<\/li>\n<li>Schlag- und Aufprallschutz<\/li>\n<li>Beste Transparenz dank Ultra HD Qualit\u00e4t<\/li>\n<li>Einfach anzukleben<\/li>\n<li>Kommt mit kostenlosen Wipes<\/li>\n<\/ul>\n<p>Die passgenaue und flexible Full-Screen Panzer Glas von ZNP garantiert vollfl\u00e4chigen Schutz vor Kratzern und obendrein Schlag- und Aufprallschutz.<\/p>\n<p>Marke: ZNP<br \/>\nModell: Easy-On<br \/>\nMaterial: Glas<\/p>","protected":false},"featured_media":7685,"template":"","meta":[],"product_brand":[],"product_cat":[33,44,35,31],"product_tag":[],"class_list":{"0":"post-7684","1":"product","2":"type-product","3":"status-publish","4":"has-post-thumbnail","6":"product_cat-andere-hersteller","7":"product_cat-galaxy-s8","8":"product_cat-galaxy-smartphones","9":"product_cat-samsung","11":"first","12":"instock","13":"taxable","14":"shipping-taxable","15":"purchasable","16":"product-type-simple"},"_links":{"self":[{"href":"https:\/\/coversmart.a1professionals.net\/fr\/wp-json\/wp\/v2\/product\/7684","targetHints":{"allow":["GET"]}}],"collection":[{"href":"https:\/\/coversmart.a1professionals.net\/fr\/wp-json\/wp\/v2\/product"}],"about":[{"href":"https:\/\/coversmart.a1professionals.net\/fr\/wp-json\/wp\/v2\/types\/product"}],"wp:featuredmedia":[{"embeddable":true,"href":"https:\/\/coversmart.a1professionals.net\/fr\/wp-json\/wp\/v2\/media\/7685"}],"wp:attachment":[{"href":"https:\/\/coversmart.a1professionals.net\/fr\/wp-json\/wp\/v2\/media?parent=7684"}],"wp:term":[{"taxonomy":"product_brand","embeddable":true,"href":"https:\/\/coversmart.a1professionals.net\/fr\/wp-json\/wp\/v2\/product_brand?post=7684"},{"taxonomy":"product_cat","embeddable":true,"href":"https:\/\/coversmart.a1professionals.net\/fr\/wp-json\/wp\/v2\/product_cat?post=7684"},{"taxonomy":"product_tag","embeddable":true,"href":"https:\/\/coversmart.a1professionals.net\/fr\/wp-json\/wp\/v2\/product_tag?post=7684"}],"curies":[{"name":"wp","href":"https:\/\/api.w.org\/{rel}","templated":true}]}}