{"id":7809,"date":"2020-04-09T19:10:26","date_gmt":"2020-04-09T17:10:26","guid":{"rendered":"https:\/\/coversmart.a1professionals.net\/?post_type=product&#038;p=7809"},"modified":"2025-05-09T19:00:12","modified_gmt":"2025-05-09T17:00:12","slug":"samsung-s10e-panzer-glas-schutzfolie","status":"publish","type":"product","link":"https:\/\/coversmart.a1professionals.net\/fr\/produit\/samsung-s10e-panzer-glas-schutzfolie\/","title":{"rendered":"Samsung S10E Panzer Glas Schutzfolie"},"content":{"rendered":"<p>Der Premium Case Friendly Displayschutz von NuGlas ist perfekt auf Dein Sasmung mit abgerundetem Display abgestimmt, ultraklar, kratzfest und mit Anti-Fingerabdruck-Beschichtung. Die abgerundeten Kanten sorgen f\u00fcr eine ausgesprochen angenehme Handhabung, die einfache Montage ohne Blasenbildung f\u00fcr einen ebenso schnellen wie starken Schutz f\u00fcr das Samsung.<\/p>\n<p>Das Display-Schutzglas wird in einem aufw\u00e4ndigen Verfahren hergestellt, mit Industriediamanten geschliffen, gereinigt, poliert und mehrfach auf einwandfreie Qualit\u00e4t kontrolliert. Das Ergebnis ist ein extrem hartes Display-Schutzglas h\u00f6chster Qualit\u00e4t, das die neunfache H\u00e4rte handels\u00fcblichen Glases hat. Dabei ist es ausgesprochen einfach anzubringen - die Haftschicht besteht aus Silikon, das sich so mit dem Smartphone-Display verbindet, dass keine Luftblasen entstehen.<\/p>\n<p>LIEFERUNG INNERHALB 1-2 WERKTAGE \/ KAUF AUF RECHNUNG<\/p>\n<p>Bitte geben sie bescheid wenn sie wollen per rechnung bezahlen<\/p>\n<p>Nos promesses de qualit\u00e9 et nos prestations<\/p>\n<p>Tous les achats effectu\u00e9s dans notre magasin b\u00e9n\u00e9ficient d'un droit de retour de 30 jours, notre label de qualit\u00e9 et de s\u00e9curit\u00e9. Nous nous effor\u00e7ons toujours de faire un pas de plus pour r\u00e9pondre \u00e0 vos besoins.<\/p>\n<p>\"Envoy\u00e9 par courrier A + suivi\"<\/p>\n<p>[ux_banner height=\"200px\"]<\/p>\n<p>[text_box position_x=\"50\" position_y=\"50\"]<\/p>\n<h3 class=\"uppercase\">Fast Shipping Across Switzerland (transport rapide \u00e0 travers la Suisse)<\/h3>\n<p><a class=\"cta-button\" href=\"#\">Boutique maintenant<\/a><\/p>\n<p>[\/texte_box]<\/p>\n<p>[\/ux_banner]<\/p>","protected":false},"excerpt":{"rendered":"<h2 class=\"subtitle--1gW5X\">LIEFERUNG INNERHALB 1-2 WERKTAGE \/ KAUF AUF RECHNUNG<\/h2>\n<div class=\"userDescription--GDETe\">\n<article>\n<ul>\n<li>Samsung S10E Panzer Glas Schutzfolie<\/li>\n<li>Hergestellt aus Japanischem Asahi Glas<\/li>\n<li>9H H\u00e4rte Glas, f\u00fcr eine lange Lebensdauer gebaut<\/li>\n<li>100% passgenaue Schutzfolien (Pr\u00e4zisionslaser-Zuschnitt)<\/li>\n<li>Schlag- und Aufprallschutz<\/li>\n<li>Beste Transparenz dank Ultra HD Qualit\u00e4t<\/li>\n<li>Kommt mit kostenlosen Wipes<\/li>\n<li>Marke: NuGlas<\/li>\n<li>Compatible mit Fingerprint Sensor<\/li>\n<li>Material: Ashai Glas<\/li>\n<\/ul>\n<\/article>\n<\/div>","protected":false},"featured_media":7810,"template":"","meta":[],"product_brand":[],"product_cat":[33,40,35,31],"product_tag":[],"class_list":{"0":"post-7809","1":"product","2":"type-product","3":"status-publish","4":"has-post-thumbnail","6":"product_cat-andere-hersteller","7":"product_cat-galaxy-s10-e","8":"product_cat-galaxy-smartphones","9":"product_cat-samsung","11":"first","12":"instock","13":"taxable","14":"shipping-taxable","15":"purchasable","16":"product-type-simple"},"_links":{"self":[{"href":"https:\/\/coversmart.a1professionals.net\/fr\/wp-json\/wp\/v2\/product\/7809","targetHints":{"allow":["GET"]}}],"collection":[{"href":"https:\/\/coversmart.a1professionals.net\/fr\/wp-json\/wp\/v2\/product"}],"about":[{"href":"https:\/\/coversmart.a1professionals.net\/fr\/wp-json\/wp\/v2\/types\/product"}],"wp:featuredmedia":[{"embeddable":true,"href":"https:\/\/coversmart.a1professionals.net\/fr\/wp-json\/wp\/v2\/media\/7810"}],"wp:attachment":[{"href":"https:\/\/coversmart.a1professionals.net\/fr\/wp-json\/wp\/v2\/media?parent=7809"}],"wp:term":[{"taxonomy":"product_brand","embeddable":true,"href":"https:\/\/coversmart.a1professionals.net\/fr\/wp-json\/wp\/v2\/product_brand?post=7809"},{"taxonomy":"product_cat","embeddable":true,"href":"https:\/\/coversmart.a1professionals.net\/fr\/wp-json\/wp\/v2\/product_cat?post=7809"},{"taxonomy":"product_tag","embeddable":true,"href":"https:\/\/coversmart.a1professionals.net\/fr\/wp-json\/wp\/v2\/product_tag?post=7809"}],"curies":[{"name":"wp","href":"https:\/\/api.w.org\/{rel}","templated":true}]}}