{"id":8177,"date":"2020-04-10T15:38:38","date_gmt":"2020-04-10T13:38:38","guid":{"rendered":"https:\/\/coversmart.a1professionals.net\/?post_type=product&#038;p=8177"},"modified":"2025-05-09T19:00:29","modified_gmt":"2025-05-09T17:00:29","slug":"3g-kabellose-tastatur-wireless-keyboard","status":"publish","type":"product","link":"https:\/\/coversmart.a1professionals.net\/fr\/produit\/3g-kabellose-tastatur-wireless-keyboard\/","title":{"rendered":"3G Kabellose Tastatur Wireless Keyboard"},"content":{"rendered":"<p><strong>Nos promesses de qualit\u00e9 et nos prestations<\/strong><\/p>\n<p>Tous les achats effectu\u00e9s dans notre magasin b\u00e9n\u00e9ficient d'un droit de retour de 30 jours, notre label de qualit\u00e9 et de s\u00e9curit\u00e9. Nous nous effor\u00e7ons toujours de faire un pas de plus pour r\u00e9pondre \u00e0 vos besoins.<\/p>\n<p>Chez coversmart, notre objectif est d'offrir \u00e0 nos clients des produits de qualit\u00e9 \u00e0 des prix \u00e9quitables. Nous ne visons pas seulement des prix \u00e9quitables pour nos clients, mais nous offrons \u00e9galement \u00e0 nos clients un service client\u00e8le 24h\/24 et 7j\/7. - coversmart Ton partenaire pour l'\u00e9lectronique et les accessoires pour smartphones.<\/p>\n<p>\"Envoy\u00e9 par courrier A + suivi\"<\/p>\n<p>[ux_banner height=\"200px\"]<\/p>\n<p>[text_box position_x=\"50\" position_y=\"50\"]<\/p>\n<h3 class=\"uppercase\">Fast Shipping Across Switzerland (transport rapide \u00e0 travers la Suisse)<\/h3>\n<p><a class=\"cta-button\" href=\"#\">Boutique maintenant<\/a><\/p>\n<p>[\/texte_box]<\/p>\n<p>[\/ux_banner]<\/p>","protected":false},"excerpt":{"rendered":"<p>Eigenschaften:<\/p>\n<p>1. Einzelne Tastatur Design, geeignet f\u00fcr den Einsatz, geringes Gewicht.<\/p>\n<p>2. ABS materielle Schl\u00fcssel, Kn\u00f6pfe f\u00fchlen sich bequem und einfach zu schreiben an<\/p>\n<p>3. Bluetooth 3.0 Version, stabile Verbindung, starkes Signal.<\/p>\n<p>4. Universal Bluetooth-Tastatur, Unterst\u00fctzung f\u00fcr Apple iOS-System, Android-System, Windows-System.<\/p>\n<p>Kompatibel f\u00fcr ipad \/ f\u00fcr iphone \/ xiaomi \/ huawei \/ handy, samsung, desktop-computer, laptop, notebook ect.<\/p>\n<p>Sp\u00e9cification :<br \/>\n1. 78 Tasten mit 12 Multifunktionstasten.<br \/>\n2. Material: ABS-Kunststoff,<br \/>\n3. Anzahl der Schl\u00fcssel: 78 (Schl\u00fcssel)<br \/>\n4. Bluetooth-Chip und Version: Bluetooth<br \/>\n6. Betriebsspannung: 3.0 ~ 5.0V<br \/>\n7. Entfernung: 10 Meter<br \/>\n8. Tastaturgr\u00f6\u00dfe:<br \/>\n9. QWERTZ<\/p>\n<p>Packliste:<\/p>\n<p>1pc Mini Keyboard<br \/>\n1 st\u00fcck Handbuch<\/p>","protected":false},"featured_media":8178,"template":"","meta":[],"product_brand":[],"product_cat":[33,108,109],"product_tag":[],"class_list":{"0":"post-8177","1":"product","2":"type-product","3":"status-publish","4":"has-post-thumbnail","6":"product_cat-andere-hersteller","7":"product_cat-pc-komponenten-und-zubehoer","8":"product_cat-tastaturen","10":"first","11":"instock","12":"taxable","13":"shipping-taxable","14":"purchasable","15":"product-type-simple"},"_links":{"self":[{"href":"https:\/\/coversmart.a1professionals.net\/fr\/wp-json\/wp\/v2\/product\/8177","targetHints":{"allow":["GET"]}}],"collection":[{"href":"https:\/\/coversmart.a1professionals.net\/fr\/wp-json\/wp\/v2\/product"}],"about":[{"href":"https:\/\/coversmart.a1professionals.net\/fr\/wp-json\/wp\/v2\/types\/product"}],"wp:featuredmedia":[{"embeddable":true,"href":"https:\/\/coversmart.a1professionals.net\/fr\/wp-json\/wp\/v2\/media\/8178"}],"wp:attachment":[{"href":"https:\/\/coversmart.a1professionals.net\/fr\/wp-json\/wp\/v2\/media?parent=8177"}],"wp:term":[{"taxonomy":"product_brand","embeddable":true,"href":"https:\/\/coversmart.a1professionals.net\/fr\/wp-json\/wp\/v2\/product_brand?post=8177"},{"taxonomy":"product_cat","embeddable":true,"href":"https:\/\/coversmart.a1professionals.net\/fr\/wp-json\/wp\/v2\/product_cat?post=8177"},{"taxonomy":"product_tag","embeddable":true,"href":"https:\/\/coversmart.a1professionals.net\/fr\/wp-json\/wp\/v2\/product_tag?post=8177"}],"curies":[{"name":"wp","href":"https:\/\/api.w.org\/{rel}","templated":true}]}}