{"id":9128,"date":"2020-05-02T11:40:20","date_gmt":"2020-05-02T09:40:20","guid":{"rendered":"https:\/\/coversmart.a1professionals.net\/?post_type=product&#038;p=9128"},"modified":"2025-05-09T19:00:39","modified_gmt":"2025-05-09T17:00:39","slug":"atemschutzmaske-3-lagig","status":"publish","type":"product","link":"https:\/\/coversmart.a1professionals.net\/fr\/produit\/atemschutzmaske-3-lagig\/","title":{"rendered":"Atemschutzmaske 3- lagig"},"content":{"rendered":"<p><strong>Hochwertige Masken<\/strong><\/p>\n<p>[ux_banner height=\"200px\"]<\/p>\n<p>[text_box position_x=\"50\" position_y=\"50\"]<\/p>\n<h3 class=\"uppercase\">Fast Shipping Across Switzerland (transport rapide \u00e0 travers la Suisse)<\/h3>\n<p><a class=\"cta-button\" href=\"#\">Boutique maintenant<\/a><\/p>\n<p>[\/texte_box]<\/p>\n<p>[\/ux_banner]<\/p>","protected":false},"excerpt":{"rendered":"<ul>\n<li><strong>Gr\u00f6\u00dfe: 17,5 x 9,5 cm<\/strong><\/li>\n<li><strong>Standard: EN149<\/strong><\/li>\n<li><strong>Leistung: Filetteffizienz: mehr als 90%<\/strong><\/li>\n<li><strong>G\u00fcltigkeit: In einwandfreiem Zustand f\u00fcr Lieferung und Lagerung, 36 Monate<\/strong><\/li>\n<li><strong><em>Anzhal: 1 st\u00fcck Atemschutzmaske 3-lagig<\/em><\/strong><\/li>\n<\/ul>\n<ul>\n<li><strong>Lieferung 2-3 Werktage A Post gleiche Tag des Zahlungseingang.<\/strong><\/li>\n<li><strong><em>Versendet d\u00fcrch A + TRACKING<\/em><\/strong><\/li>\n<\/ul>\n<p><strong><em>Egal wie viele Artikel Sie ben\u00f6tigen, Sie zahlen den Portopreis nur einmal.<\/em><\/strong><\/p>\n<p><strong><em>Wenn sie mehrer Artikel ben\u00f6tigen, kaufen sie den Artikel im voraus, und noch nicht bezahle, wir kontataktieren ihnen, viele dank.<\/em><\/strong><\/p>\n<p>1MUNDSCHUTZ\u00a03-lagig\u00a0GR\u00dcN,blau oder weiss Atemschutz maske, flache hautfreundliche Elastikb\u00e4nder\u2022 3 faches glasfaserfreies Filtermedium\u2022 eingearbeiteter Nasenb\u00fcgel\u2022 EN 14683\u2022 Bakterienfilterleistung 99%<\/p>\n<p>Artikelzustand NEU Farbe wird nach Zufall und Verf\u00fcrgbarkheit verschickt<\/p>\n<p>Zahlungsm\u00f6glichkeiten:<\/p>\n<p>Kreditkarte, Bank\u00fcberweisung,\u00a0PayPal,\u00a0TWINT, PostFinance, Kauf auf<\/p>\n<p>Rechnung (Wir senden Ihnen einen Einzahlungsschein mit Ihrem Produkt,<\/p>\n<p>so k\u00f6nnen Sie Ihre Rechnung bequem und einfach bezahlen, bitte geben sie<\/p>\n<p>bescheid. )<\/p>\n<p><strong>Nos promesses de qualit\u00e9 et nos prestations<\/strong><\/p>\n<p>Tous les achats effectu\u00e9s dans notre magasin b\u00e9n\u00e9ficient d'un droit de retour de 30 jours, notre label de qualit\u00e9 et de s\u00e9curit\u00e9. Nous nous effor\u00e7ons toujours de faire un pas de plus pour r\u00e9pondre \u00e0 vos besoins.<\/p>\n<p>Bei Med-Express ist es unser Ziel, unseren Kunden Qualit\u00e4tsprodukte zu fairen Preisen anzubieten. Wir streben nicht nur faire Preise f\u00fcr unsere Kunden an, sondern bieten unseren Kunden auch ein rund um die Uhr Kundenservice per email.<\/p>","protected":false},"featured_media":9129,"template":"","meta":[],"product_brand":[],"product_cat":[114],"product_tag":[],"class_list":{"0":"post-9128","1":"product","2":"type-product","3":"status-publish","4":"has-post-thumbnail","6":"product_cat-unkategorisiert","8":"first","9":"instock","10":"taxable","11":"shipping-taxable","12":"purchasable","13":"product-type-simple"},"_links":{"self":[{"href":"https:\/\/coversmart.a1professionals.net\/fr\/wp-json\/wp\/v2\/product\/9128","targetHints":{"allow":["GET"]}}],"collection":[{"href":"https:\/\/coversmart.a1professionals.net\/fr\/wp-json\/wp\/v2\/product"}],"about":[{"href":"https:\/\/coversmart.a1professionals.net\/fr\/wp-json\/wp\/v2\/types\/product"}],"wp:featuredmedia":[{"embeddable":true,"href":"https:\/\/coversmart.a1professionals.net\/fr\/wp-json\/wp\/v2\/media\/9129"}],"wp:attachment":[{"href":"https:\/\/coversmart.a1professionals.net\/fr\/wp-json\/wp\/v2\/media?parent=9128"}],"wp:term":[{"taxonomy":"product_brand","embeddable":true,"href":"https:\/\/coversmart.a1professionals.net\/fr\/wp-json\/wp\/v2\/product_brand?post=9128"},{"taxonomy":"product_cat","embeddable":true,"href":"https:\/\/coversmart.a1professionals.net\/fr\/wp-json\/wp\/v2\/product_cat?post=9128"},{"taxonomy":"product_tag","embeddable":true,"href":"https:\/\/coversmart.a1professionals.net\/fr\/wp-json\/wp\/v2\/product_tag?post=9128"}],"curies":[{"name":"wp","href":"https:\/\/api.w.org\/{rel}","templated":true}]}}