{"id":7427,"date":"2020-04-09T05:06:25","date_gmt":"2020-04-09T03:06:25","guid":{"rendered":"https:\/\/coversmart.a1professionals.net\/?post_type=product&#038;p=7427"},"modified":"2025-05-30T16:34:06","modified_gmt":"2025-05-30T14:34:06","slug":"huawei-p20-lite-shockproof-huelle-cover","status":"publish","type":"product","link":"https:\/\/coversmart.a1professionals.net\/it\/prodotto\/huawei-p20-lite-shockproof-huelle-cover\/","title":{"rendered":"Huawei P20 Lite Shockproof H\u00fclle Cover"},"content":{"rendered":"<p>LIEFERUNG INNERHALB VON 1-2 TAGEN \/ KAUF AUF RECHNUNG<\/p>\n<p>La nostra promessa di qualit\u00e0 e i nostri servizi<\/p>\n<p>Tutti gli acquisti effettuati nel nostro negozio sono coperti da una politica di reso di 30 giorni, il nostro marchio di qualit\u00e0 e sicurezza. Cerchiamo sempre di fare il possibile per soddisfare le vostre esigenze.<\/p>\n<p>L'obiettivo di coversmart \u00e8 quello di offrire ai clienti prodotti di qualit\u00e0 a prezzi equi. Non solo ci sforziamo di offrire prezzi equi ai nostri clienti, ma offriamo anche un servizio clienti 24 ore su 24, 7 giorni su 7. - coversmart Il vostro partner per l'elettronica e gli accessori per smartphone.<\/p>\n<p>\"Inviato per posta A + tracciamento\"<\/p>","protected":false},"excerpt":{"rendered":"<h2>LIEFERUNG INNERHALB VON 1-2 TAGEN \/ KAUF AUF RECHNUNG<\/h2>\n<ul>\n<li>Huawei P20 Lite \u00a0Shockproof H\u00fclle Cover<\/li>\n<li>Aus hochwertigen Materialien gefertigt<\/li>\n<li>Speziell f\u00fcr iPhone designed<\/li>\n<li>Liegt optimal in der Hand<\/li>\n<li>Extrem sch\u00fctzend bei gleichzeitig elegantem, schlankem und leicht zu haltendem Design<\/li>\n<li>Rutschfest, fingerabdrucksicher und kratzfest, abriebfest, staubdicht und pflegeleicht<\/li>\n<li>Erh\u00f6hte Kameraecken sch\u00fctzen das Glas Ihrer Huawei-Kamera<\/li>\n<\/ul>\n<p>Der optimale Schutz f\u00fcr Dein iPhone wird schon bei der Wahl der H\u00fclle getroffen - Unser iPhone Rugged Case liegt nicht nur perfekt in der Hand, sondern ist auch ideal auf die Lautst\u00e4rketasten. Mache Dein iPhone vollkommen und kombiniere dieses passgenaue Shockproof mit Deinem Smartphone. Du kannst die Kamera, den USB-Anschluss, sowie die Tasten auch in der H\u00fclle bedienen.<\/p>\n<p>Colore: Trasparente<br \/>\nModell: 51992382<br \/>\nMaterial: Silikon, TPU<\/p>","protected":false},"featured_media":7428,"template":"","meta":[],"product_brand":[],"product_cat":[33,32,54,48],"product_tag":[],"class_list":{"0":"post-7427","1":"product","2":"type-product","3":"status-publish","4":"has-post-thumbnail","6":"product_cat-andere-hersteller","7":"product_cat-huawei","8":"product_cat-huawei-p20-lite","9":"product_cat-huawei-smartphones","11":"first","12":"instock","13":"taxable","14":"shipping-taxable","15":"purchasable","16":"product-type-simple"},"_links":{"self":[{"href":"https:\/\/coversmart.a1professionals.net\/it\/wp-json\/wp\/v2\/product\/7427","targetHints":{"allow":["GET"]}}],"collection":[{"href":"https:\/\/coversmart.a1professionals.net\/it\/wp-json\/wp\/v2\/product"}],"about":[{"href":"https:\/\/coversmart.a1professionals.net\/it\/wp-json\/wp\/v2\/types\/product"}],"wp:featuredmedia":[{"embeddable":true,"href":"https:\/\/coversmart.a1professionals.net\/it\/wp-json\/wp\/v2\/media\/7428"}],"wp:attachment":[{"href":"https:\/\/coversmart.a1professionals.net\/it\/wp-json\/wp\/v2\/media?parent=7427"}],"wp:term":[{"taxonomy":"product_brand","embeddable":true,"href":"https:\/\/coversmart.a1professionals.net\/it\/wp-json\/wp\/v2\/product_brand?post=7427"},{"taxonomy":"product_cat","embeddable":true,"href":"https:\/\/coversmart.a1professionals.net\/it\/wp-json\/wp\/v2\/product_cat?post=7427"},{"taxonomy":"product_tag","embeddable":true,"href":"https:\/\/coversmart.a1professionals.net\/it\/wp-json\/wp\/v2\/product_tag?post=7427"}],"curies":[{"name":"wp","href":"https:\/\/api.w.org\/{rel}","templated":true}]}}