{"id":7566,"date":"2020-04-09T12:04:32","date_gmt":"2020-04-09T10:04:32","guid":{"rendered":"https:\/\/coversmart.a1professionals.net\/?post_type=product&#038;p=7566"},"modified":"2025-05-09T18:59:57","modified_gmt":"2025-05-09T16:59:57","slug":"fitness-bluetooth-tracker-smart-watch","status":"publish","type":"product","link":"https:\/\/coversmart.a1professionals.net\/it\/prodotto\/fitness-bluetooth-tracker-smart-watch\/","title":{"rendered":"Fitness Bluetooth Tracker Smart Watch"},"content":{"rendered":"<p>* Garantie: Wir bieten allen unseren Kunden ein 30-t\u00e4giges R\u00fcckgaberecht. R\u00fccksendegeb\u00fchren gehen zu Lasten des K\u00e4ufers und m\u00fcssen unbesch\u00e4digt, verpackt und im Originalzustand zur\u00fcckgesandt werden.<\/p>\n<p>* Wenn Sie mehrere Artikel kaufen, bezahlen Sie nur einmal das Porto, dies wird anhand des Gesamtgewichts und der Abmessungen berechnet. Dieses Angebot gilt nur f\u00fcr die Transaktionen, die am gleichen Tag get\u00e4tigt sind.<\/p>\n<p>* Das Porto enth\u00e4lt Lieferkosten,Verpackung, Lagerung und Vertrieb, Entsorgung, Kurierkosten f\u00fcr die Lieferung.<\/p>\n<p>* Damit wir Ihnen weiterhin qualitativ gute Produkte zu einem g\u00fcnstigen Preis anbieten k\u00f6nnen, sind wir auf Ihre positive Bewertung angewiesen. Bei Probleme mit dem gelieferten Artikel d\u00fcrfen Sie sich jeder Zeit per Email melden, damit wir das Problem baldm\u00f6glichst l\u00f6sen k\u00f6nnen.<\/p>\n<p>* Es kann sein, dass die Artikelbilder zu einem anderen Smartphone \/ Tablett geh\u00f6ren. Sie werden den abgebildeten Artikel mit n\u00f6tigen Aussparungen f\u00fcr das im Titel beschriebene Smartphone \/ Tablett erhalten.<\/p>\n<p>* Wenn der Kunde das Stornieren eines Kaufs verlangt, muss er die Bearbeitungsgeb\u00fchren \u00fcbernehmen. (1 Fr. Pro Transaktion)<\/p>\n<p>* Wir \u00fcbernehmen keine Haftung f\u00fcr Sch\u00e4den, die durch den Gebrauch eines gekauften Artikels entstehen.<\/p>\n<p>* 100% der angebotenen Artikel befinden sich bei uns am Lager und werden am gleichen Tag geliefert, wenn das Geld auf dem Konto ist. Bitte melden Sie sich, wenn Sie Ihre Ware innerhalb von 5 Arbeitstage nicht erhalten.<\/p>\n<p>* Das Abholen ist nicht m\u00f6glich.<\/p>\n<p>* Bei Einzahlungen am Postschalter mit dem Einzahlungschein dem Endbetrag (Warenwert + Porto) 2.- CHF Postspesen dazurechnen.<\/p>\n<p>* Die Ware wird erst geschickt, wenn der Endbetrag (Warenwert + Porto + evtl. Geb\u00fchren z.B Einzahlungsscheingeb\u00fchr) auf dem Konto ersichtlich wird.<\/p>\n<p>* Bei Fragen, Problemen, Unklarheiten sind wir gerne per E-Mail erreichbar. Sie bekommen eine Antwort innerhalb von 24 Std.<\/p>\n<p>Mit Ihrem Kauf \/ Angebot akzeptieren Sie die oben aufgef\u00fchrte AGB.<\/p>\n<p>\"Dieser Artikel wird per A + Tracking-Mail verschickt. \"<\/p>\n<p>[ux_banner height=\"200px\"]<\/p>\n<p>[text_box position_x=\"50\" position_y=\"50\"]<\/p>\n<h3 class=\"uppercase\">Spedizione veloce in tutta la Svizzera<\/h3>\n<p><a class=\"cta-button\" href=\"#\">Acquista ora<\/a><\/p>\n<p>[\/text_box]<\/p>\n<p>[\/ux_banner]<\/p>","protected":false},"excerpt":{"rendered":"<ul>\n<li>Pro Bluetooth Fitness Tracker Smartwatch<\/li>\n<li>Einfaches Design und optimaler TragekomfortIntegrierter<\/li>\n<li>Schrittz\u00e4hler<\/li>\n<li>Schlafzyklus \u00dcberwachung und Atemanleitung<\/li>\n<li>Alarm und Weckzeiten einstellbar<\/li>\n<li>Kompatible mit iOS \/ Android<\/li>\n<li>0.96-Zoll-OLED-Touchscreen, bietet sofortigen Zugriff auf bestimmte Informationen<\/li>\n<li>Herzfrequenzsensor: kontinuierliche Kontrolle der Herzfrequenz<\/li>\n<li>Bis zu 21 Tage Akkulaufzeit pro Ladung<\/li>\n<li>Kompatibel mit iOS und Android Smartphones \u00fcber Bluetooth 4.2<\/li>\n<\/ul>\n<p>STYLISH UND SPORTLICH<\/p>\n<p>Das Pro Bluetooth Fitness Tracker Smartwatch schmiegt sich aufgrund des weichen Kunststoffarmband bequem um das Handgelenk. Der stylish-sportliche Look vereint Eleganz und Ergonomie. So kannst Du Dich jeder Herausforderung stilvoll stellen und Gro\u00dfartiges leisten. Entdecke die grenzenlose Leistung, auch unter Wasser. Das wasserdichte Design des Pro Bluetooth Fitness Tracker Smartwatch bew\u00e4ltigt problemlos N\u00e4sse und Regen.<\/p>\n<p>EIGENST\u00c4NDIGES GPS<\/p>\n<p>Das integrierte GPS liefert Ihnen genaue Daten und Ergebnisse \u00fcber Deine Laufstrecken. GPS-f\u00e4hige Geschwindigkeit, Bewegung und Distanz-Tracking \u2013 Deiner Freiheit steht nichts mehr im Weg.<\/p>\n<p>FITNESS-COACH F\u00dcR DAS HANDGELENK<\/p>\n<p>Das Pro Bluetooth Fitness Tracker Smartwatch trackt Dein Workout (Herzfrequenz, Tempo, Bewegungsabstand, Geschwindigkeit und Richtung) und mithilfe des professionellen Algorithmus kannst Du Deine Ergebnisse auswerten und eigene Trainings-Pl\u00e4ne auf wissenschaftlicher Basis erstellen.<\/p>\n<p>H\u00d6RE AUF DEIN HERZ<\/p>\n<p>Das Pro Bluetooth Fitness Tracker Smartwatch verfugt uber einen PPG-Herzfrequenzmesser mit verschiedenen Modi. Im \u201eDaily Mode\u201c wird der Herzschlag durchgehend alle 30 Minuten gemessen, im \u201eSport Mode\u201c sekundlich.<\/p>\n<p>BEHERRSCHE DEINEN LAUF<\/p>\n<p>Mit einem Coaching, das auf Deine Leistung und Bed\u00fcrfnisse abgestimmt ist, verbesserst Du Deinen Lauf auf wissenschaftlicher Basis. Der professionelle Laufalgorithmus von FIRSTBEAT analysiert Deinen Laufstil und bietet Ihnen ein ma\u00dfgeschneidertes Training, um Ausdauer und Strecken zu erh\u00f6henPassend f\u00fcr alle Ger\u00e4te mit iOS- und Andorid Betriebssystem wie Apple, Sony, Samsung, HTC, usw.<\/p>\n<div>Farbe: Schwarz<\/div>\n<div>Material: Metall\/SilikonGesamtl\u00e4nge. ca. 25 cm<\/div>\n<div>Gr\u00f6sse: Hauptk\u00f6rper 26.6 x 2 x 1.1 cm<\/div>\n<div>Gewicht: ca. 22 g mit Gurt<\/div>\n<div><\/div>\n<div>Technische Daten:Kompatibel mit: Android 4.4 \/ iOS 8.0 (aufw\u00e4rtskompatibel) unterst\u00fctzen auch Mobiltelefone mit Bluetooth 4.2<\/div>\n<div><\/div>\n<div>Material: PC-Abdeckung, Stahlrahmen, TPU-Armband<\/div>\n<div>Batterie: Lithium-Polymer 100mAhBluetooth-Version: 4.2<\/div>\n<div>Ladespannung: 5VLadezeit: ca. 40 MinutenSensor: GPS Messfunktionen: Herzfrequenz, Schlaf, Geschwindigkeit, Schrittz\u00e4hler, V02 MAX<\/div>\n<div><\/div>","protected":false},"featured_media":7567,"template":"","meta":[],"product_brand":[],"product_cat":[34,106],"product_tag":[],"class_list":{"0":"post-7566","1":"product","2":"type-product","3":"status-publish","4":"has-post-thumbnail","6":"product_cat-elektronik-zubehoer","7":"product_cat-smartwatches","9":"first","10":"instock","11":"taxable","12":"shipping-taxable","13":"purchasable","14":"product-type-simple"},"_links":{"self":[{"href":"https:\/\/coversmart.a1professionals.net\/it\/wp-json\/wp\/v2\/product\/7566","targetHints":{"allow":["GET"]}}],"collection":[{"href":"https:\/\/coversmart.a1professionals.net\/it\/wp-json\/wp\/v2\/product"}],"about":[{"href":"https:\/\/coversmart.a1professionals.net\/it\/wp-json\/wp\/v2\/types\/product"}],"wp:featuredmedia":[{"embeddable":true,"href":"https:\/\/coversmart.a1professionals.net\/it\/wp-json\/wp\/v2\/media\/7567"}],"wp:attachment":[{"href":"https:\/\/coversmart.a1professionals.net\/it\/wp-json\/wp\/v2\/media?parent=7566"}],"wp:term":[{"taxonomy":"product_brand","embeddable":true,"href":"https:\/\/coversmart.a1professionals.net\/it\/wp-json\/wp\/v2\/product_brand?post=7566"},{"taxonomy":"product_cat","embeddable":true,"href":"https:\/\/coversmart.a1professionals.net\/it\/wp-json\/wp\/v2\/product_cat?post=7566"},{"taxonomy":"product_tag","embeddable":true,"href":"https:\/\/coversmart.a1professionals.net\/it\/wp-json\/wp\/v2\/product_tag?post=7566"}],"curies":[{"name":"wp","href":"https:\/\/api.w.org\/{rel}","templated":true}]}}