{"id":7861,"date":"2020-04-09T20:01:40","date_gmt":"2020-04-09T18:01:40","guid":{"rendered":"https:\/\/coversmart.a1professionals.net\/?post_type=product&#038;p=7861"},"modified":"2025-05-09T19:00:15","modified_gmt":"2025-05-09T17:00:15","slug":"samsung-s10-flipcase-wallet-huelle","status":"publish","type":"product","link":"https:\/\/coversmart.a1professionals.net\/it\/prodotto\/samsung-s10-flipcase-wallet-huelle\/","title":{"rendered":"Samsung S10 Flipcase Wallet H\u00fclle"},"content":{"rendered":"<p>La nostra promessa di qualit\u00e0 e i nostri servizi<\/p>\n<p>Tutti gli acquisti effettuati nel nostro negozio sono coperti da una politica di reso di 30 giorni, il nostro marchio di qualit\u00e0 e sicurezza. Cerchiamo sempre di fare il possibile per soddisfare le vostre esigenze.<\/p>\n<p>L'obiettivo di coversmart \u00e8 quello di offrire ai clienti prodotti di qualit\u00e0 a prezzi equi. Non solo ci sforziamo di offrire prezzi equi ai nostri clienti, ma offriamo anche un servizio clienti 24 ore su 24, 7 giorni su 7. - coversmart Il vostro partner per l'elettronica e gli accessori per smartphone.<\/p>\n<p>\"Inviato per posta A + tracciamento\"<\/p>\n<p>[ux_banner height=\"200px\"]<\/p>\n<p>[text_box position_x=\"50\" position_y=\"50\"]<\/p>\n<h3 class=\"uppercase\">Spedizione veloce in tutta la Svizzera<\/h3>\n<p><a class=\"cta-button\" href=\"#\">Acquista ora<\/a><\/p>\n<p>[\/text_box]<\/p>\n<p>[\/ux_banner]<\/p>","protected":false},"excerpt":{"rendered":"<ul>\n<li>Samsung S10 Flipcase Wallet H\u00fclle<\/li>\n<li>Sch\u00fctzt das Samsung vollst\u00e4ndig, vorne, hinten und auf die seiten<\/li>\n<li>Ausschnitte f\u00fcr Tasten, Kamera und Anschl\u00fcsse<\/li>\n<li>Flipcase mit Magnetverschluss<\/li>\n<li>Ideal f\u00fcr Karten oder Bargeld<\/li>\n<li>Hergestellt aus einem starken und robusten Material<\/li>\n<\/ul>\n<p>Die Samsung H\u00fclle besteht aus starkes und hochwetiges Material und ist ein stilvolles Accessoire f\u00fcr dein Samsung. Die perfekte Kombination aus Komfort und Benutzerfreundlichkeit. Dein Samsung liegt durch das schlanke Design und das starkes Material gut und sicher in der Hand. Das passgenaue Design sorgt f\u00fcr maximale Zuverl\u00e4ssigkeit, sodass dein Samsung einen optimalen Schutz und eine sehr edle Optik geniesst. Alle Anschl\u00fcsse und die Kamera auf der R\u00fcckseite stehen trotz Samsung Flipcase Cover H\u00fclle auch weiterhin zur Verf\u00fcgung und k\u00f6nnen genutzt werden.<\/p>\n<p>Material: PU\/PC und Mikrofaser<br \/>\nModell: EF-PG973TBEG<br \/>\nFarbe: Schwarz<br \/>\nACHTUNG: Nur passend f\u00fcr Samsung<\/p>","protected":false},"featured_media":7862,"template":"","meta":[],"product_brand":[],"product_cat":[33,39,35,31],"product_tag":[],"class_list":{"0":"post-7861","1":"product","2":"type-product","3":"status-publish","4":"has-post-thumbnail","6":"product_cat-andere-hersteller","7":"product_cat-galaxy-s10","8":"product_cat-galaxy-smartphones","9":"product_cat-samsung","11":"first","12":"instock","13":"taxable","14":"shipping-taxable","15":"purchasable","16":"product-type-simple"},"_links":{"self":[{"href":"https:\/\/coversmart.a1professionals.net\/it\/wp-json\/wp\/v2\/product\/7861","targetHints":{"allow":["GET"]}}],"collection":[{"href":"https:\/\/coversmart.a1professionals.net\/it\/wp-json\/wp\/v2\/product"}],"about":[{"href":"https:\/\/coversmart.a1professionals.net\/it\/wp-json\/wp\/v2\/types\/product"}],"wp:featuredmedia":[{"embeddable":true,"href":"https:\/\/coversmart.a1professionals.net\/it\/wp-json\/wp\/v2\/media\/7862"}],"wp:attachment":[{"href":"https:\/\/coversmart.a1professionals.net\/it\/wp-json\/wp\/v2\/media?parent=7861"}],"wp:term":[{"taxonomy":"product_brand","embeddable":true,"href":"https:\/\/coversmart.a1professionals.net\/it\/wp-json\/wp\/v2\/product_brand?post=7861"},{"taxonomy":"product_cat","embeddable":true,"href":"https:\/\/coversmart.a1professionals.net\/it\/wp-json\/wp\/v2\/product_cat?post=7861"},{"taxonomy":"product_tag","embeddable":true,"href":"https:\/\/coversmart.a1professionals.net\/it\/wp-json\/wp\/v2\/product_tag?post=7861"}],"curies":[{"name":"wp","href":"https:\/\/api.w.org\/{rel}","templated":true}]}}