{"id":7873,"date":"2020-04-10T09:10:24","date_gmt":"2020-04-10T07:10:24","guid":{"rendered":"https:\/\/coversmart.a1professionals.net\/?post_type=product&#038;p=7873"},"modified":"2025-05-09T19:00:15","modified_gmt":"2025-05-09T17:00:15","slug":"drahtloses-ladegeraet-fuer-android-iphone","status":"publish","type":"product","link":"https:\/\/coversmart.a1professionals.net\/it\/prodotto\/drahtloses-ladegeraet-fuer-android-iphone\/","title":{"rendered":"Drahtloses Ladeger\u00e4t f\u00fcr Android\/iPhone"},"content":{"rendered":"<p><strong>Lieferung innerhalb 1-2 Tage<\/strong><\/p>\n<p>7,5-W-Modus: Mit QC2. 0 \/ QC3. 0-Adapter (9 V, 1,67 A) ist NUR mit dem iPhone 11\/11 Pro \/ 11 Pro Max \/ XS MAX \/ XS \/ XR \/ X \/ 8\/8 Plus kompatibel<\/p>\n<p>10W-Modus: Mit QC2. 0 \/ QC3. 0 Adapter (9 V, 1,67 A) ist NUR f\u00fcr Samsung Galaxy Note 10 \/ Note 10 Plus \/ S10 \/ S10 Plus \/ S10E \/ S9 \/ S9Plus \/ Note8 \/ S8 \/ S8Plus \/ S7 \/ S7 Edge \/ S6 Edge plus \/ Note 5;<\/p>\n<p>5-W-Modus: Der 5-V-2A-Adapter ist f\u00fcr alle Qi-f\u00e4higen Ger\u00e4te geeignet.<\/p>\n<p>\"Inviato per posta A + tracciamento\"<\/p>\n<p>[ux_banner height=\"200px\"]<\/p>\n<p>[text_box position_x=\"50\" position_y=\"50\"]<\/p>\n<h3 class=\"uppercase\">Spedizione veloce in tutta la Svizzera<\/h3>\n<p><a class=\"cta-button\" href=\"#\">Acquista ora<\/a><\/p>\n<p>[\/text_box]<\/p>\n<p>[\/ux_banner]<\/p>","protected":false},"excerpt":{"rendered":"<div class=\"MuiGrid-root wrapper--2KpSR MuiGrid-container\">\n<div class=\"MuiGrid-root attribute--2RPm- MuiGrid-item MuiGrid-grid-xs-6 MuiGrid-grid-md-4\">\n<p class=\"jss176\">Zustand<\/p>\n<p class=\"jss175\">Neu und originalverpackt<\/p>\n<\/div>\n<\/div>\n<div>\n<div class=\"close--20hQw\">\n<div>\n<div class=\"userDescription--1-bzj\">\n<article>Produkteigenschaft<\/p>\n<ul>\n<li>Ein hocheffizienter Chipsatz bietet 10 W Hochgeschwindigkeitsladung f\u00fcr dein Smartphone.<\/li>\n<li>Temperaturregelungstechnologie<\/li>\n<li>Die exklusive multifunktionale intelligente Schutztechnologie bietet Temperaturkontrolle, \u00dcberspannungsschutz, Kurzschlussschutz und mehr. Das Temperaturkontrollsystem sorgt daf\u00fcr, dass Ihr Telefon nicht zu warm wird, sondern effizienter aufgeladen wird.<\/li>\n<li>Die LED-Anzeige leuchtet rot, wenn das kabellose Laden an die Stromversorgung angeschlossen ist. Die LED-Anzeige leuchtet blau, wenn das Ladeger\u00e4t das Ger\u00e4t aufl\u00e4dt.<\/li>\n<\/ul>\n<\/article>\n<\/div>\n<\/div>\n<\/div>\n<\/div>","protected":false},"featured_media":7874,"template":"","meta":[],"product_brand":[],"product_cat":[34,101,102],"product_tag":[],"class_list":{"0":"post-7873","1":"product","2":"type-product","3":"status-publish","4":"has-post-thumbnail","6":"product_cat-elektronik-zubehoer","7":"product_cat-ladegeraete","8":"product_cat-wireless-ladegeraete","10":"first","11":"instock","12":"taxable","13":"shipping-taxable","14":"purchasable","15":"product-type-simple"},"_links":{"self":[{"href":"https:\/\/coversmart.a1professionals.net\/it\/wp-json\/wp\/v2\/product\/7873","targetHints":{"allow":["GET"]}}],"collection":[{"href":"https:\/\/coversmart.a1professionals.net\/it\/wp-json\/wp\/v2\/product"}],"about":[{"href":"https:\/\/coversmart.a1professionals.net\/it\/wp-json\/wp\/v2\/types\/product"}],"wp:featuredmedia":[{"embeddable":true,"href":"https:\/\/coversmart.a1professionals.net\/it\/wp-json\/wp\/v2\/media\/7874"}],"wp:attachment":[{"href":"https:\/\/coversmart.a1professionals.net\/it\/wp-json\/wp\/v2\/media?parent=7873"}],"wp:term":[{"taxonomy":"product_brand","embeddable":true,"href":"https:\/\/coversmart.a1professionals.net\/it\/wp-json\/wp\/v2\/product_brand?post=7873"},{"taxonomy":"product_cat","embeddable":true,"href":"https:\/\/coversmart.a1professionals.net\/it\/wp-json\/wp\/v2\/product_cat?post=7873"},{"taxonomy":"product_tag","embeddable":true,"href":"https:\/\/coversmart.a1professionals.net\/it\/wp-json\/wp\/v2\/product_tag?post=7873"}],"curies":[{"name":"wp","href":"https:\/\/api.w.org\/{rel}","templated":true}]}}