{"id":7882,"date":"2020-04-10T09:18:30","date_gmt":"2020-04-10T07:18:30","guid":{"rendered":"https:\/\/coversmart.a1professionals.net\/?post_type=product&#038;p=7882"},"modified":"2025-05-09T19:00:16","modified_gmt":"2025-05-09T17:00:16","slug":"csl-4-port-usb-hub","status":"publish","type":"product","link":"https:\/\/coversmart.a1professionals.net\/it\/prodotto\/csl-4-port-usb-hub\/","title":{"rendered":"CSL 4 Port USB Hub"},"content":{"rendered":"<p>* Garantie: Wir bieten allen unseren Kunden ein 30-t\u00e4giges R\u00fcckgaberecht. R\u00fccksendegeb\u00fchren gehen zu Lasten des K\u00e4ufers und m\u00fcssen unbesch\u00e4digt, verpackt und im Originalzustand zur\u00fcckgesandt werden.<\/p>\n<p>* Wenn Sie mehrere Artikel kaufen, bezahlen Sie nur einmal das Porto, dies wird anhand des Gesamtgewichts und der Abmessungen berechnet. Dieses Angebot gilt nur f\u00fcr die Transaktionen, die am gleichen Tag get\u00e4tigt sind.<\/p>\n<p>* Das Porto enth\u00e4lt Lieferkosten,Verpackung, Lagerung und Vertrieb, Entsorgung, Kurierkosten f\u00fcr die Lieferung.<\/p>\n<p>* Damit wir Ihnen weiterhin qualitativ gute Produkte zu einem g\u00fcnstigen Preis anbieten k\u00f6nnen, sind wir auf Ihre positive Bewertung angewiesen. Bei Probleme mit dem gelieferten Artikel d\u00fcrfen Sie sich jeder Zeit per Email melden, damit wir das Problem baldm\u00f6glichst l\u00f6sen k\u00f6nnen.<\/p>\n<p>* Es kann sein, dass die Artikelbilder zu einem anderen Smartphone \/ Tablett geh\u00f6ren. Sie werden den abgebildeten Artikel mit n\u00f6tigen Aussparungen f\u00fcr das im Titel beschriebene Smartphone \/ Tablett erhalten.<\/p>\n<p>* Wenn der Kunde das Stornieren eines Kaufs verlangt, muss er die Bearbeitungsgeb\u00fchren \u00fcbernehmen. (1 Fr. Pro Transaktion)<\/p>\n<p>* Wir \u00fcbernehmen keine Haftung f\u00fcr Sch\u00e4den, die durch den Gebrauch eines gekauften Artikels entstehen.<\/p>\n<p>* 100% der angebotenen Artikel befinden sich bei uns am Lager und werden am gleichen Tag geliefert, wenn das Geld auf dem Konto ist. Bitte melden Sie sich, wenn Sie Ihre Ware innerhalb von 5 Arbeitstage nicht erhalten.<\/p>\n<p>* Das Abholen ist nicht m\u00f6glich.<\/p>\n<p>* Bei Einzahlungen am Postschalter mit dem Einzahlungschein dem Endbetrag (Warenwert + Porto) 2.- CHF Postspesen dazurechnen.<\/p>\n<p>* Die Ware wird erst geschickt, wenn der Endbetrag (Warenwert + Porto + evtl. Geb\u00fchren z.B Einzahlungsscheingeb\u00fchr) auf dem Konto ersichtlich wird.<\/p>\n<p>* Bei Fragen, Problemen, Unklarheiten sind wir gerne per E-Mail erreichbar. Sie bekommen eine Antwort innerhalb von 24 Std.<\/p>\n<p>Mit Ihrem Kauf \/ Angebot akzeptieren Sie die oben aufgef\u00fchrte AGB.<\/p>\n<p>\"Inviato per posta A + tracciamento\"<\/p>\n<p>[ux_banner height=\"200px\"]<\/p>\n<p>[text_box position_x=\"50\" position_y=\"50\"]<\/p>\n<h3 class=\"uppercase\">Spedizione veloce in tutta la Svizzera<\/h3>\n<p><a class=\"cta-button\" href=\"#\">Acquista ora<\/a><\/p>\n<p>[\/text_box]<\/p>\n<p>[\/ux_banner]<\/p>","protected":false},"excerpt":{"rendered":"<p>CSL 4 Port USB Hub<\/p>\n<p>Erh\u00f6hen Sie die Anschlussm\u00f6glichkeiten Ihrer USB-Ger\u00e4te mit dem multifunktional einsetzbaren USB 2.0 High Speed 4-Port Hub von CSL!<\/p>\n<p>Dieser vielseitige 4-Port Hub im eleganten Design erm\u00f6glicht schnelle USB 2.0 High Speed Daten\u00fcbertagungsraten von bis zu 480 MBit\/s. Ihnen stehen insgesamt vier zus\u00e4tzliche USB-Ports f\u00fcr Ihre Peripherieger\u00e4te wie Drucker, Scanner, externe Festplatte, etc. zur Verf\u00fcgung. So entf\u00e4llt zuk\u00fcnftig das l\u00e4stige Umstecken von Ger\u00e4ten.<\/p>\n<p>Die Inbetriebnahme des hochwertig verarbeiteten 4-Port Hubs ist angenehm einfach: Sie verbinden das Ger\u00e4t einfach mit Ihrem PC, Notebook, Netbook, Ultrabook oder etwa Tablet-PC. Ob Windows, Mac oder Linux. Der USB 2.0 High Speed Hub von CSL wird von jedem Betriebssystem automatisch erkannt und installiert. F\u00fcr die Installation ist also keine Treibersoftware notwendig.<\/p>\n<p>Allgemeine Informationen<br \/>\nHersteller: CSL<br \/>\nProdukttyp: USB Hubi<br \/>\nArtikelnummer: 10202294<br \/>\nVerkaufsrang in Produkttyp USB Hub<\/p>","protected":false},"featured_media":7883,"template":"","meta":[],"product_brand":[],"product_cat":[33,34,108,111],"product_tag":[],"class_list":{"0":"post-7882","1":"product","2":"type-product","3":"status-publish","4":"has-post-thumbnail","6":"product_cat-andere-hersteller","7":"product_cat-elektronik-zubehoer","8":"product_cat-pc-komponenten-und-zubehoer","9":"product_cat-sonstiges-zubehoer","11":"first","12":"instock","13":"taxable","14":"shipping-taxable","15":"purchasable","16":"product-type-simple"},"_links":{"self":[{"href":"https:\/\/coversmart.a1professionals.net\/it\/wp-json\/wp\/v2\/product\/7882","targetHints":{"allow":["GET"]}}],"collection":[{"href":"https:\/\/coversmart.a1professionals.net\/it\/wp-json\/wp\/v2\/product"}],"about":[{"href":"https:\/\/coversmart.a1professionals.net\/it\/wp-json\/wp\/v2\/types\/product"}],"wp:featuredmedia":[{"embeddable":true,"href":"https:\/\/coversmart.a1professionals.net\/it\/wp-json\/wp\/v2\/media\/7883"}],"wp:attachment":[{"href":"https:\/\/coversmart.a1professionals.net\/it\/wp-json\/wp\/v2\/media?parent=7882"}],"wp:term":[{"taxonomy":"product_brand","embeddable":true,"href":"https:\/\/coversmart.a1professionals.net\/it\/wp-json\/wp\/v2\/product_brand?post=7882"},{"taxonomy":"product_cat","embeddable":true,"href":"https:\/\/coversmart.a1professionals.net\/it\/wp-json\/wp\/v2\/product_cat?post=7882"},{"taxonomy":"product_tag","embeddable":true,"href":"https:\/\/coversmart.a1professionals.net\/it\/wp-json\/wp\/v2\/product_tag?post=7882"}],"curies":[{"name":"wp","href":"https:\/\/api.w.org\/{rel}","templated":true}]}}